{"id":34,"date":"2023-06-28T09:59:02","date_gmt":"2023-06-28T07:59:02","guid":{"rendered":"http:\/\/deeptrb.cluster027.hosting.ovh.net\/?page_id=34"},"modified":"2024-08-05T10:08:52","modified_gmt":"2024-08-05T08:08:52","slug":"deep-travel-v1","status":"publish","type":"page","link":"https:\/\/www.deeptravelspain.com\/fr\/deep-travel-v1\/","title":{"rendered":"Deep Travel-V1"},"content":{"rendered":"<div data-elementor-type=\"wp-page\" data-elementor-id=\"34\" class=\"elementor elementor-34\" data-elementor-post-type=\"page\">\n\t\t\t\t<div class=\"elementor-element elementor-element-4952841 e-con-full e-flex e-con e-parent\" data-id=\"4952841\" data-element_type=\"container\" data-e-type=\"container\" data-settings=\"{&quot;background_background&quot;:&quot;classic&quot;}\">\n\t\t\t\t<div class=\"elementor-element elementor-element-40f9101 elementor-invisible elementor-widget elementor-widget-heading\" data-id=\"40f9101\" data-element_type=\"widget\" data-e-type=\"widget\" data-settings=\"{&quot;_animation&quot;:&quot;fadeInUp&quot;}\" data-widget_type=\"heading.default\">\n\t\t\t\t<div class=\"elementor-widget-container\">\n\t\t\t\t\t<h2 class=\"elementor-heading-title elementor-size-default\">Deep Travel <\/h2>\t\t\t\t<\/div>\n\t\t\t\t<\/div>\n\t\t\t\t<div class=\"elementor-element elementor-element-8fbcf30 elementor-widget-divider--view-line elementor-widget elementor-widget-divider\" data-id=\"8fbcf30\" data-element_type=\"widget\" data-e-type=\"widget\" data-widget_type=\"divider.default\">\n\t\t\t\t<div class=\"elementor-widget-container\">\n\t\t\t\t\t\t\t<div class=\"elementor-divider\">\n\t\t\t<span class=\"elementor-divider-separator\">\n\t\t\t\t\t\t<\/span>\n\t\t<\/div>\n\t\t\t\t\t\t<\/div>\n\t\t\t\t<\/div>\n\t\t\t\t<div class=\"elementor-element elementor-element-2b8efa6 elementor-blockquote--skin-quotation elementor-blockquote--align-center elementor-widget__width-initial elementor-widget elementor-widget-blockquote\" data-id=\"2b8efa6\" data-element_type=\"widget\" data-e-type=\"widget\" data-widget_type=\"blockquote.default\">\n\t\t\t\t<div class=\"elementor-widget-container\">\n\t\t\t\t\t\t\t<blockquote class=\"elementor-blockquote\">\n\t\t\t<p class=\"elementor-blockquote__content\">\n\t\t\t\t\u201cDeep Travel is an exhilarating state of mind that travel can evoke, when everything seems suddenly fresh, vivid, intensely interesting, and memorable.\u201d\n\t\t\t<\/p>\n\t\t\t\t\t\t\t<div class=\"e-q-footer\">\n\t\t\t\t\t\t\t\t\t\t\t<cite class=\"elementor-blockquote__author\">M.Hiss, The New Yorker<\/cite>\n\t\t\t\t\t\t\t\t\t\t\t\t\t\t<\/div>\n\t\t\t\t\t<\/blockquote>\n\t\t\t\t\t\t<\/div>\n\t\t\t\t<\/div>\n\t\t\t\t<\/div>\n\t\t<div class=\"elementor-element elementor-element-96c9469 e-flex e-con-boxed e-con e-parent\" data-id=\"96c9469\" data-element_type=\"container\" data-e-type=\"container\" data-settings=\"{&quot;background_background&quot;:&quot;classic&quot;}\">\n\t\t\t\t\t<div class=\"e-con-inner\">\n\t\t<div class=\"elementor-element elementor-element-99f2991 e-con-full e-flex e-con e-parent\" data-id=\"99f2991\" data-element_type=\"container\" data-e-type=\"container\">\n\t\t\t\t<div class=\"elementor-element elementor-element-26a0385 elementor-widget elementor-widget-heading\" data-id=\"26a0385\" data-element_type=\"widget\" data-e-type=\"widget\" data-widget_type=\"heading.default\">\n\t\t\t\t<div class=\"elementor-widget-container\">\n\t\t\t\t\t<h2 class=\"elementor-heading-title elementor-size-default\">CE QUE NOUS ENTENDONS PAR DEEP TRAVEL\n<\/h2>\t\t\t\t<\/div>\n\t\t\t\t<\/div>\n\t\t\t\t<div class=\"elementor-element elementor-element-fc12a48 elementor-widget elementor-widget-text-editor\" data-id=\"fc12a48\" data-element_type=\"widget\" data-e-type=\"widget\" data-widget_type=\"text-editor.default\">\n\t\t\t\t<div class=\"elementor-widget-container\">\n\t\t\t\t\t\t\t\t\t<p class=\"font_8 wixui-rich-text__text\"><span class=\"wixui-rich-text__text\">Depuis l'antiquit\u00e9, voyager est un d\u00e9sir et un besoin indomptable qui a pouss\u00e9 l'humanit\u00e9 \u00e0 se d\u00e9couvrir elle-m\u00eame. Apprendre \u00e0 conna\u00eetre de nouveaux endroits, de nouvelles cultures et de nouvelles personnes a toujours \u00e9t\u00e9 le moyen de comprendre ce qui nous rend diff\u00e9rents des autres mais aussi ce qui nous rend profond\u00e9ment similaires. D\u00e9couvrir l\u2019Autre c\u2019est aussi red\u00e9couvrir nos propres traditions... se comprendre soi-m\u00eame.<\/span><\/p><p class=\"font_8 wixui-rich-text__text\"><span class=\"wixui-rich-text__text\">Nous sommes tout \u00e0 fait conscients que les voyages et le tourisme peuvent aujourd'hui avoir un impact n\u00e9gatif sur un large \u00e9ventail d'\u00e9l\u00e9ments, notamment l'appauvrissement environnemental et culturel. Cependant, il existe des moyens de d\u00e9couvrir un pays tout en assurant un \u00e9quilibre sain entre notre impact social, \u00e9conomique et environnemental, et pas seulement pour mettre en avant les tendances du \"greenwashing''. En tant que professionnels du secteur, nous nous rendons compte que pour cr\u00e9er des moments m\u00e9morables, il n'y a pas de meilleur moyen que de travailler en petite entreprise avec un contact direct avec tous nos voyageurs et prestataires et de tisser de v\u00e9ritables liens entre eux.<\/span><\/p><p class=\"font_8 wixui-rich-text__text\"><span class=\"wixui-rich-text__text\">Nos voyages se concentrent sur le c\u00f4t\u00e9 humain du voyage. Nous veillons \u00e0 ce que vous rencontriez les producteurs locaux, les artisans, les artistes ou agriculteurs et toutes les personnes fascinantes qui font d\u2019une r\u00e9gion plus qu\u2019une simple destination.<\/span><\/p>\t\t\t\t\t\t\t\t<\/div>\n\t\t\t\t<\/div>\n\t\t\t\t<\/div>\n\t\t<div class=\"elementor-element elementor-element-314b33d e-con-full e-flex e-con e-parent\" data-id=\"314b33d\" data-element_type=\"container\" data-e-type=\"container\">\n\t\t\t\t<div class=\"elementor-element elementor-element-367cb3f elementor-widget elementor-widget-text-editor\" data-id=\"367cb3f\" data-element_type=\"widget\" data-e-type=\"widget\" data-widget_type=\"text-editor.default\">\n\t\t\t\t<div class=\"elementor-widget-container\">\n\t\t\t\t\t\t\t\t\t<p class=\"font_8 wixui-rich-text__text\"><span class=\"wixui-rich-text__text\">Nous sommes \u00e9galement attentifs aux moyens de transport que nous utilisons pour nous d\u00e9placer. Pour cela, nous essayons de privil\u00e9gier les mod\u00e8les de transport actifs et l\u00e9gers. Toute votre exp\u00e9rience change lorsque vous entrez dans un petit village d'Andalousie \u00e0 cheval ou \u00e0 v\u00e9lo plut\u00f4t qu'en voiture ou en bus. Nous voulons vraiment que votre empreinte \u00e9cologique soit positive et contribue \u00e0 l'\u00e9conomie locale, c'est pourquoi nous choisissons tous nos partenaires en fonction de ces valeurs.<\/span><\/p><p class=\"font_8 wixui-rich-text__text\"><span class=\"wixui-rich-text__text\">C'est aussi la raison pour laquelle nous ne travaillons que sur un mod\u00e8le sur mesure avec des standards de qualit\u00e9 \u00e9lev\u00e9s. Nous croyons que notre travail consiste \u00e0 \u00eatre les artisans de vos voyages, donc mieux nous vous conna\u00eetrons, mieux nous serons en mesure de concevoir votre exp\u00e9rience. De plus, nous souhaitons travailler uniquement avec les meilleures ressources: les meilleurs restaurants, g\u00eetes, h\u00f4tels et prestataires les plus fiables que le pays puisse nous fournir.<\/span><\/p><p class=\"font_8 wixui-rich-text__text\"><span class=\"wixui-rich-text__text\">Ojal\u00e1 signifie l'espoir que quelque chose de bon et d'agr\u00e9able se produise dans un avenir proche. C\u2019est ce que nous mettons en \u0153uvre. Notre exp\u00e9rience et les ann\u00e9es pass\u00e9es \u00e0 voyager et \u00e0 travailler avec les voyageurs ont aiguis\u00e9 nos instincts pour d\u00e9couvrir et approfondir ces moments.<\/span><\/p>\t\t\t\t\t\t\t\t<\/div>\n\t\t\t\t<\/div>\n\t\t\t\t<\/div>\n\t\t\t\t\t<\/div>\n\t\t\t\t<\/div>\n\t\t\t\t<\/div>","protected":false},"excerpt":{"rendered":"<p>Deep Travel \u201cDeep Travel is an exhilarating state of mind that travel can evoke, when everything seems suddenly fresh, vivid, [&hellip;]<\/p>","protected":false},"author":1,"featured_media":0,"parent":0,"menu_order":0,"comment_status":"closed","ping_status":"closed","template":"","meta":{"site-sidebar-layout":"default","site-content-layout":"","ast-site-content-layout":"default","site-content-style":"default","site-sidebar-style":"default","ast-global-header-display":"","ast-banner-title-visibility":"","ast-main-header-display":"","ast-hfb-above-header-display":"","ast-hfb-below-header-display":"","ast-hfb-mobile-header-display":"","site-post-title":"","ast-breadcrumbs-content":"","ast-featured-img":"","footer-sml-layout":"","ast-disable-related-posts":"","theme-transparent-header-meta":"","adv-header-id-meta":"","stick-header-meta":"","header-above-stick-meta":"","header-main-stick-meta":"","header-below-stick-meta":"","astra-migrate-meta-layouts":"default","ast-page-background-enabled":"default","ast-page-background-meta":{"desktop":{"background-color":"var(--ast-global-color-4)","background-image":"","background-repeat":"repeat","background-position":"center center","background-size":"auto","background-attachment":"scroll","background-type":"","background-media":"","overlay-type":"","overlay-color":"","overlay-opacity":"","overlay-gradient":""},"tablet":{"background-color":"","background-image":"","background-repeat":"repeat","background-position":"center center","background-size":"auto","background-attachment":"scroll","background-type":"","background-media":"","overlay-type":"","overlay-color":"","overlay-opacity":"","overlay-gradient":""},"mobile":{"background-color":"","background-image":"","background-repeat":"repeat","background-position":"center center","background-size":"auto","background-attachment":"scroll","background-type":"","background-media":"","overlay-type":"","overlay-color":"","overlay-opacity":"","overlay-gradient":""}},"ast-content-background-meta":{"desktop":{"background-color":"var(--ast-global-color-5)","background-image":"","background-repeat":"repeat","background-position":"center center","background-size":"auto","background-attachment":"scroll","background-type":"","background-media":"","overlay-type":"","overlay-color":"","overlay-opacity":"","overlay-gradient":""},"tablet":{"background-color":"var(--ast-global-color-5)","background-image":"","background-repeat":"repeat","background-position":"center center","background-size":"auto","background-attachment":"scroll","background-type":"","background-media":"","overlay-type":"","overlay-color":"","overlay-opacity":"","overlay-gradient":""},"mobile":{"background-color":"var(--ast-global-color-5)","background-image":"","background-repeat":"repeat","background-position":"center center","background-size":"auto","background-attachment":"scroll","background-type":"","background-media":"","overlay-type":"","overlay-color":"","overlay-opacity":"","overlay-gradient":""}},"footnotes":""},"class_list":["post-34","page","type-page","status-publish","hentry"],"yoast_head":"<!-- This site is optimized with the Yoast SEO plugin v26.8 - https:\/\/yoast.com\/product\/yoast-seo-wordpress\/ -->\n<title>Deep Travel-V1 - Ojala<\/title>\n<meta name=\"robots\" content=\"index, follow, max-snippet:-1, max-image-preview:large, max-video-preview:-1\" \/>\n<link rel=\"canonical\" href=\"https:\/\/www.deeptravelspain.com\/fr\/deep-travel-v1\/\" \/>\n<meta property=\"og:locale\" content=\"fr_FR\" \/>\n<meta property=\"og:type\" content=\"article\" \/>\n<meta property=\"og:title\" content=\"Deep Travel-V1 - Ojala\" \/>\n<meta property=\"og:description\" content=\"Deep Travel \u201cDeep Travel is an exhilarating state of mind that travel can evoke, when everything seems suddenly fresh, vivid, [&hellip;]\" \/>\n<meta property=\"og:url\" content=\"https:\/\/www.deeptravelspain.com\/fr\/deep-travel-v1\/\" \/>\n<meta property=\"og:site_name\" content=\"Ojala\" \/>\n<meta property=\"article:modified_time\" content=\"2024-08-05T08:08:52+00:00\" \/>\n<meta name=\"twitter:card\" content=\"summary_large_image\" \/>\n<meta name=\"twitter:label1\" content=\"Dur\u00e9e de lecture estim\u00e9e\" \/>\n\t<meta name=\"twitter:data1\" content=\"2 minutes\" \/>\n<script type=\"application\/ld+json\" class=\"yoast-schema-graph\">{\"@context\":\"https:\/\/schema.org\",\"@graph\":[{\"@type\":\"WebPage\",\"@id\":\"https:\/\/www.deeptravelspain.com\/deep-travel-v1\/\",\"url\":\"https:\/\/www.deeptravelspain.com\/deep-travel-v1\/\",\"name\":\"Deep Travel-V1 - Ojala\",\"isPartOf\":{\"@id\":\"https:\/\/www.deeptravelspain.com\/fr\/#website\"},\"datePublished\":\"2023-06-28T07:59:02+00:00\",\"dateModified\":\"2024-08-05T08:08:52+00:00\",\"breadcrumb\":{\"@id\":\"https:\/\/www.deeptravelspain.com\/deep-travel-v1\/#breadcrumb\"},\"inLanguage\":\"fr-FR\",\"potentialAction\":[{\"@type\":\"ReadAction\",\"target\":[\"https:\/\/www.deeptravelspain.com\/deep-travel-v1\/\"]}]},{\"@type\":\"BreadcrumbList\",\"@id\":\"https:\/\/www.deeptravelspain.com\/deep-travel-v1\/#breadcrumb\",\"itemListElement\":[{\"@type\":\"ListItem\",\"position\":1,\"name\":\"Accueil\",\"item\":\"https:\/\/www.deeptravelspain.com\/\"},{\"@type\":\"ListItem\",\"position\":2,\"name\":\"Deep Travel-V1\"}]},{\"@type\":\"WebSite\",\"@id\":\"https:\/\/www.deeptravelspain.com\/fr\/#website\",\"url\":\"https:\/\/www.deeptravelspain.com\/fr\/\",\"name\":\"Ojala\",\"description\":\"Deep Travel Spain\",\"potentialAction\":[{\"@type\":\"SearchAction\",\"target\":{\"@type\":\"EntryPoint\",\"urlTemplate\":\"https:\/\/www.deeptravelspain.com\/fr\/?s={search_term_string}\"},\"query-input\":{\"@type\":\"PropertyValueSpecification\",\"valueRequired\":true,\"valueName\":\"search_term_string\"}}],\"inLanguage\":\"fr-FR\"}]}<\/script>\n<!-- \/ Yoast SEO plugin. -->","yoast_head_json":{"title":"Deep Travel-V1 - Ojala","robots":{"index":"index","follow":"follow","max-snippet":"max-snippet:-1","max-image-preview":"max-image-preview:large","max-video-preview":"max-video-preview:-1"},"canonical":"https:\/\/www.deeptravelspain.com\/fr\/deep-travel-v1\/","og_locale":"fr_FR","og_type":"article","og_title":"Deep Travel-V1 - Ojala","og_description":"Deep Travel \u201cDeep Travel is an exhilarating state of mind that travel can evoke, when everything seems suddenly fresh, vivid, [&hellip;]","og_url":"https:\/\/www.deeptravelspain.com\/fr\/deep-travel-v1\/","og_site_name":"Ojala","article_modified_time":"2024-08-05T08:08:52+00:00","twitter_card":"summary_large_image","twitter_misc":{"Dur\u00e9e de lecture estim\u00e9e":"2 minutes"},"schema":{"@context":"https:\/\/schema.org","@graph":[{"@type":"WebPage","@id":"https:\/\/www.deeptravelspain.com\/deep-travel-v1\/","url":"https:\/\/www.deeptravelspain.com\/deep-travel-v1\/","name":"Deep Travel-V1 - Ojala","isPartOf":{"@id":"https:\/\/www.deeptravelspain.com\/fr\/#website"},"datePublished":"2023-06-28T07:59:02+00:00","dateModified":"2024-08-05T08:08:52+00:00","breadcrumb":{"@id":"https:\/\/www.deeptravelspain.com\/deep-travel-v1\/#breadcrumb"},"inLanguage":"fr-FR","potentialAction":[{"@type":"ReadAction","target":["https:\/\/www.deeptravelspain.com\/deep-travel-v1\/"]}]},{"@type":"BreadcrumbList","@id":"https:\/\/www.deeptravelspain.com\/deep-travel-v1\/#breadcrumb","itemListElement":[{"@type":"ListItem","position":1,"name":"Accueil","item":"https:\/\/www.deeptravelspain.com\/"},{"@type":"ListItem","position":2,"name":"Deep Travel-V1"}]},{"@type":"WebSite","@id":"https:\/\/www.deeptravelspain.com\/fr\/#website","url":"https:\/\/www.deeptravelspain.com\/fr\/","name":"Ojala","description":"Deep Travel Spain","potentialAction":[{"@type":"SearchAction","target":{"@type":"EntryPoint","urlTemplate":"https:\/\/www.deeptravelspain.com\/fr\/?s={search_term_string}"},"query-input":{"@type":"PropertyValueSpecification","valueRequired":true,"valueName":"search_term_string"}}],"inLanguage":"fr-FR"}]}},"_links":{"self":[{"href":"https:\/\/www.deeptravelspain.com\/fr\/wp-json\/wp\/v2\/pages\/34","targetHints":{"allow":["GET"]}}],"collection":[{"href":"https:\/\/www.deeptravelspain.com\/fr\/wp-json\/wp\/v2\/pages"}],"about":[{"href":"https:\/\/www.deeptravelspain.com\/fr\/wp-json\/wp\/v2\/types\/page"}],"author":[{"embeddable":true,"href":"https:\/\/www.deeptravelspain.com\/fr\/wp-json\/wp\/v2\/users\/1"}],"replies":[{"embeddable":true,"href":"https:\/\/www.deeptravelspain.com\/fr\/wp-json\/wp\/v2\/comments?post=34"}],"version-history":[{"count":89,"href":"https:\/\/www.deeptravelspain.com\/fr\/wp-json\/wp\/v2\/pages\/34\/revisions"}],"predecessor-version":[{"id":3197,"href":"https:\/\/www.deeptravelspain.com\/fr\/wp-json\/wp\/v2\/pages\/34\/revisions\/3197"}],"wp:attachment":[{"href":"https:\/\/www.deeptravelspain.com\/fr\/wp-json\/wp\/v2\/media?parent=34"}],"curies":[{"name":"wp","href":"https:\/\/api.w.org\/{rel}","templated":true}]}}