{"id":1992,"date":"2023-08-09T16:18:38","date_gmt":"2023-08-09T14:18:38","guid":{"rendered":"https:\/\/www.deeptravelspain.com\/?page_id=1992"},"modified":"2025-05-13T16:43:20","modified_gmt":"2025-05-13T14:43:20","slug":"andalucia","status":"publish","type":"page","link":"https:\/\/www.deeptravelspain.com\/fr\/andalucia\/","title":{"rendered":"Andalousie"},"content":{"rendered":"<div data-elementor-type=\"wp-page\" data-elementor-id=\"1992\" class=\"elementor elementor-1992\" data-elementor-post-type=\"page\">\n\t\t\t\t<div class=\"elementor-element elementor-element-6ee283d e-flex e-con-boxed e-con e-parent\" data-id=\"6ee283d\" data-element_type=\"container\" data-e-type=\"container\" data-settings=\"{&quot;background_background&quot;:&quot;classic&quot;}\">\n\t\t\t\t\t<div class=\"e-con-inner\">\n\t\t\t\t<div class=\"elementor-element elementor-element-f5b04fe elementor-mobile-align-left elementor-invisible elementor-widget elementor-widget-button\" data-id=\"f5b04fe\" data-element_type=\"widget\" data-e-type=\"widget\" data-settings=\"{&quot;_animation&quot;:&quot;fadeInUp&quot;}\" data-widget_type=\"button.default\">\n\t\t\t\t<div class=\"elementor-widget-container\">\n\t\t\t\t\t\t\t\t\t<div class=\"elementor-button-wrapper\">\n\t\t\t\t\t<a class=\"elementor-button elementor-button-link elementor-size-xs elementor-animation-grow\" href=\"https:\/\/www.deeptravelspain.com\/fr\/destinations\/\">\n\t\t\t\t\t\t<span class=\"elementor-button-content-wrapper\">\n\t\t\t\t\t\t\t\t\t<span class=\"elementor-button-text\">Back to map<\/span>\n\t\t\t\t\t<\/span>\n\t\t\t\t\t<\/a>\n\t\t\t\t<\/div>\n\t\t\t\t\t\t\t\t<\/div>\n\t\t\t\t<\/div>\n\t\t\t\t<div class=\"elementor-element elementor-element-c53729c elementor-widget elementor-widget-image\" data-id=\"c53729c\" data-element_type=\"widget\" data-e-type=\"widget\" data-widget_type=\"image.default\">\n\t\t\t\t<div class=\"elementor-widget-container\">\n\t\t\t\t\t\t\t\t\t\t\t\t\t\t\t<img fetchpriority=\"high\" decoding=\"async\" width=\"5766\" height=\"2020\" src=\"https:\/\/www.deeptravelspain.com\/wp-content\/uploads\/2023\/07\/andalousie-picture.png\" class=\"attachment-full size-full wp-image-1376\" alt=\"\" srcset=\"https:\/\/www.deeptravelspain.com\/wp-content\/uploads\/2023\/07\/andalousie-picture.png 5766w, https:\/\/www.deeptravelspain.com\/wp-content\/uploads\/2023\/07\/andalousie-picture-300x105.png 300w, https:\/\/www.deeptravelspain.com\/wp-content\/uploads\/2023\/07\/andalousie-picture-1024x359.png 1024w, https:\/\/www.deeptravelspain.com\/wp-content\/uploads\/2023\/07\/andalousie-picture-768x269.png 768w, https:\/\/www.deeptravelspain.com\/wp-content\/uploads\/2023\/07\/andalousie-picture-1536x538.png 1536w, https:\/\/www.deeptravelspain.com\/wp-content\/uploads\/2023\/07\/andalousie-picture-2048x717.png 2048w, https:\/\/www.deeptravelspain.com\/wp-content\/uploads\/2023\/07\/andalousie-picture-18x6.png 18w\" sizes=\"(max-width: 5766px) 100vw, 5766px\" \/>\t\t\t\t\t\t\t\t\t\t\t\t\t\t\t<\/div>\n\t\t\t\t<\/div>\n\t\t\t\t\t<\/div>\n\t\t\t\t<\/div>\n\t\t<div class=\"elementor-element elementor-element-c2bf56a e-flex e-con-boxed e-con e-parent\" data-id=\"c2bf56a\" data-element_type=\"container\" data-e-type=\"container\">\n\t\t\t\t\t<div class=\"e-con-inner\">\n\t\t\t\t<div class=\"elementor-element elementor-element-3c66117 elementor-invisible elementor-widget elementor-widget-heading\" data-id=\"3c66117\" data-element_type=\"widget\" data-e-type=\"widget\" data-settings=\"{&quot;_animation&quot;:&quot;fadeInUp&quot;}\" data-widget_type=\"heading.default\">\n\t\t\t\t<div class=\"elementor-widget-container\">\n\t\t\t\t\t<h1 class=\"elementor-heading-title elementor-size-default\">ANDALUCIA<\/h1>\t\t\t\t<\/div>\n\t\t\t\t<\/div>\n\t\t\t\t\t<\/div>\n\t\t\t\t<\/div>\n\t\t<div class=\"elementor-element elementor-element-0b10637 e-flex e-con-boxed e-con e-parent\" data-id=\"0b10637\" data-element_type=\"container\" data-e-type=\"container\">\n\t\t\t\t\t<div class=\"e-con-inner\">\n\t\t<div class=\"elementor-element elementor-element-8cf5f57 e-con-full e-flex e-con e-child\" data-id=\"8cf5f57\" data-element_type=\"container\" data-e-type=\"container\">\n\t\t\t\t<div class=\"elementor-element elementor-element-4abded9 elementor-widget elementor-widget-text-editor\" data-id=\"4abded9\" data-element_type=\"widget\" data-e-type=\"widget\" data-widget_type=\"text-editor.default\">\n\t\t\t\t<div class=\"elementor-widget-container\">\n\t\t\t\t\t\t\t\t\t<p class=\"font_8 wixui-rich-text__text\"><span class=\"wixui-rich-text__text\">Il n'y a que peu d'endroits comme celui-ci dans le monde. Ces terres ont vu s\u2019installer ici les plus grandes cultures qu\u2019ont connues l\u2019humanit\u00e9. Attir\u00e9s par la vari\u00e9t\u00e9 de ses paysages, son climat doux et la g\u00e9n\u00e9rosit\u00e9 de son sol.<\/span><\/p><p class=\"font_8 wixui-rich-text__text\"><span class=\"wixui-rich-text__text\">Tout s'est m\u00e9lang\u00e9 ici avec succ\u00e8s: l\u2019architecture, les langues, les sciences et m\u00eame la spiritualit\u00e9. C'est pourquoi en visitant l'Andalousie, vous verrez des \u00e9glises qui ressemblent \u00e0 des synagogues, de l'espagnol \u00e9crit en arabe, et vous comprendrez pourquoi le flamenco ressemble et sonne tellement \u00e0 la musique indienne. Mais l'Andalousie est bien plus que cela.<\/span><\/p><p class=\"font_8 wixui-rich-text__text\"><span class=\"wixui-rich-text__text\">Nous naviguerons dans le Guadalquivir avec Fernando; nous vivrons la vie boh\u00e8me du coeur de S\u00e9ville; nous observerons  les esp\u00e8ces menac\u00e9es de lynx ib\u00e9rique; et visiterons la meilleure cave biodynamique d'Europe fond\u00e9e par un autrichien excentrique, Francis Schatz, il y a 70 ans de cela. Et, bien s\u00fbr, vous ferez l'exp\u00e9rience du v\u00e9ritable style de vie Andalou en vous relaxant dans les h\u00f4tels les haciendas ou la douceur de vivre est r\u00e9glementaire.<\/span><\/p>\t\t\t\t\t\t\t\t<\/div>\n\t\t\t\t<\/div>\n\t\t\t\t<\/div>\n\t\t<div class=\"elementor-element elementor-element-58b61a3 e-con-full e-flex e-con e-child\" data-id=\"58b61a3\" data-element_type=\"container\" data-e-type=\"container\">\n\t\t\t\t<div class=\"elementor-element elementor-element-648af98 elementor-widget elementor-widget-gallery\" data-id=\"648af98\" data-element_type=\"widget\" data-e-type=\"widget\" data-settings=\"{&quot;columns&quot;:3,&quot;gap&quot;:{&quot;unit&quot;:&quot;px&quot;,&quot;size&quot;:15,&quot;sizes&quot;:[]},&quot;aspect_ratio&quot;:&quot;1:1&quot;,&quot;lazyload&quot;:&quot;yes&quot;,&quot;gallery_layout&quot;:&quot;grid&quot;,&quot;columns_tablet&quot;:2,&quot;columns_mobile&quot;:1,&quot;gap_tablet&quot;:{&quot;unit&quot;:&quot;px&quot;,&quot;size&quot;:10,&quot;sizes&quot;:[]},&quot;gap_mobile&quot;:{&quot;unit&quot;:&quot;px&quot;,&quot;size&quot;:10,&quot;sizes&quot;:[]},&quot;link_to&quot;:&quot;file&quot;,&quot;overlay_background&quot;:&quot;yes&quot;,&quot;content_hover_animation&quot;:&quot;fade-in&quot;}\" data-widget_type=\"gallery.default\">\n\t\t\t\t<div class=\"elementor-widget-container\">\n\t\t\t\t\t\t\t<div class=\"elementor-gallery__container\">\n\t\t\t\t\t\t\t<a class=\"e-gallery-item elementor-gallery-item elementor-animated-content\" href=\"https:\/\/www.deeptravelspain.com\/wp-content\/uploads\/2023\/06\/f26aaf_b7d09347a5004b2a96dc3deb67b9c4eamv2.webp\" data-elementor-open-lightbox=\"yes\" data-elementor-lightbox-slideshow=\"648af98\" data-elementor-lightbox-title=\"f26aaf_b7d09347a5004b2a96dc3deb67b9c4ea~mv2\" data-e-action-hash=\"#elementor-action%3Aaction%3Dlightbox%26settings%3DeyJpZCI6ODYsInVybCI6Imh0dHBzOlwvXC93d3cuZGVlcHRyYXZlbHNwYWluLmNvbVwvd3AtY29udGVudFwvdXBsb2Fkc1wvMjAyM1wvMDZcL2YyNmFhZl9iN2QwOTM0N2E1MDA0YjJhOTZkYzNkZWI2N2I5YzRlYW12Mi53ZWJwIiwic2xpZGVzaG93IjoiNjQ4YWY5OCJ9\">\n\t\t\t\t\t<div class=\"e-gallery-image elementor-gallery-item__image\" data-thumbnail=\"https:\/\/www.deeptravelspain.com\/wp-content\/uploads\/2023\/06\/f26aaf_b7d09347a5004b2a96dc3deb67b9c4eamv2.webp\" data-width=\"1263\" data-height=\"842\" aria-label=\"\" role=\"img\" ><\/div>\n\t\t\t\t\t\t\t\t\t\t\t<div class=\"elementor-gallery-item__overlay\"><\/div>\n\t\t\t\t\t\t\t\t\t\t\t\t\t\t<\/a>\n\t\t\t\t\t\t\t<a class=\"e-gallery-item elementor-gallery-item elementor-animated-content\" href=\"https:\/\/www.deeptravelspain.com\/wp-content\/uploads\/2023\/06\/f26aaf_9e568658ad96449db363868342e64642mv2.webp\" data-elementor-open-lightbox=\"yes\" data-elementor-lightbox-slideshow=\"648af98\" data-elementor-lightbox-title=\"f26aaf_9e568658ad96449db363868342e64642~mv2\" data-e-action-hash=\"#elementor-action%3Aaction%3Dlightbox%26settings%3DeyJpZCI6ODMsInVybCI6Imh0dHBzOlwvXC93d3cuZGVlcHRyYXZlbHNwYWluLmNvbVwvd3AtY29udGVudFwvdXBsb2Fkc1wvMjAyM1wvMDZcL2YyNmFhZl85ZTU2ODY1OGFkOTY0NDlkYjM2Mzg2ODM0MmU2NDY0Mm12Mi53ZWJwIiwic2xpZGVzaG93IjoiNjQ4YWY5OCJ9\">\n\t\t\t\t\t<div class=\"e-gallery-image elementor-gallery-item__image\" data-thumbnail=\"https:\/\/www.deeptravelspain.com\/wp-content\/uploads\/2023\/06\/f26aaf_9e568658ad96449db363868342e64642mv2.webp\" data-width=\"561\" data-height=\"842\" aria-label=\"\" role=\"img\" ><\/div>\n\t\t\t\t\t\t\t\t\t\t\t<div class=\"elementor-gallery-item__overlay\"><\/div>\n\t\t\t\t\t\t\t\t\t\t\t\t\t\t<\/a>\n\t\t\t\t\t\t\t<a class=\"e-gallery-item elementor-gallery-item elementor-animated-content\" href=\"https:\/\/www.deeptravelspain.com\/wp-content\/uploads\/2023\/06\/88a16b_0ff97e437b87478c86be5bde1fe71c56mv2.webp\" data-elementor-open-lightbox=\"yes\" data-elementor-lightbox-slideshow=\"648af98\" data-elementor-lightbox-title=\"88a16b_0ff97e437b87478c86be5bde1fe71c56~mv2\" data-e-action-hash=\"#elementor-action%3Aaction%3Dlightbox%26settings%3DeyJpZCI6NzgsInVybCI6Imh0dHBzOlwvXC93d3cuZGVlcHRyYXZlbHNwYWluLmNvbVwvd3AtY29udGVudFwvdXBsb2Fkc1wvMjAyM1wvMDZcLzg4YTE2Yl8wZmY5N2U0MzdiODc0NzhjODZiZTViZGUxZmU3MWM1Nm12Mi53ZWJwIiwic2xpZGVzaG93IjoiNjQ4YWY5OCJ9\">\n\t\t\t\t\t<div class=\"e-gallery-image elementor-gallery-item__image\" data-thumbnail=\"https:\/\/www.deeptravelspain.com\/wp-content\/uploads\/2023\/06\/88a16b_0ff97e437b87478c86be5bde1fe71c56mv2.webp\" data-width=\"1263\" data-height=\"842\" aria-label=\"\" role=\"img\" ><\/div>\n\t\t\t\t\t\t\t\t\t\t\t<div class=\"elementor-gallery-item__overlay\"><\/div>\n\t\t\t\t\t\t\t\t\t\t\t\t\t\t<\/a>\n\t\t\t\t\t\t\t<a class=\"e-gallery-item elementor-gallery-item elementor-animated-content\" href=\"https:\/\/www.deeptravelspain.com\/wp-content\/uploads\/2023\/06\/88a16b_3d4672fc398b4f75a5b10224f52ab967mv2.webp\" data-elementor-open-lightbox=\"yes\" data-elementor-lightbox-slideshow=\"648af98\" data-elementor-lightbox-title=\"88a16b_3d4672fc398b4f75a5b10224f52ab967~mv2\" data-e-action-hash=\"#elementor-action%3Aaction%3Dlightbox%26settings%3DeyJpZCI6NzksInVybCI6Imh0dHBzOlwvXC93d3cuZGVlcHRyYXZlbHNwYWluLmNvbVwvd3AtY29udGVudFwvdXBsb2Fkc1wvMjAyM1wvMDZcLzg4YTE2Yl8zZDQ2NzJmYzM5OGI0Zjc1YTViMTAyMjRmNTJhYjk2N212Mi53ZWJwIiwic2xpZGVzaG93IjoiNjQ4YWY5OCJ9\">\n\t\t\t\t\t<div class=\"e-gallery-image elementor-gallery-item__image\" data-thumbnail=\"https:\/\/www.deeptravelspain.com\/wp-content\/uploads\/2023\/06\/88a16b_3d4672fc398b4f75a5b10224f52ab967mv2.webp\" data-width=\"561\" data-height=\"842\" aria-label=\"\" role=\"img\" ><\/div>\n\t\t\t\t\t\t\t\t\t\t\t<div class=\"elementor-gallery-item__overlay\"><\/div>\n\t\t\t\t\t\t\t\t\t\t\t\t\t\t<\/a>\n\t\t\t\t\t\t\t<a class=\"e-gallery-item elementor-gallery-item elementor-animated-content\" href=\"https:\/\/www.deeptravelspain.com\/wp-content\/uploads\/2023\/06\/f26aaf_3d0d8e8a53104fcbbe7a61ac39593382mv2.webp\" data-elementor-open-lightbox=\"yes\" data-elementor-lightbox-slideshow=\"648af98\" data-elementor-lightbox-title=\"f26aaf_3d0d8e8a53104fcbbe7a61ac39593382~mv2\" data-e-action-hash=\"#elementor-action%3Aaction%3Dlightbox%26settings%3DeyJpZCI6ODIsInVybCI6Imh0dHBzOlwvXC93d3cuZGVlcHRyYXZlbHNwYWluLmNvbVwvd3AtY29udGVudFwvdXBsb2Fkc1wvMjAyM1wvMDZcL2YyNmFhZl8zZDBkOGU4YTUzMTA0ZmNiYmU3YTYxYWMzOTU5MzM4Mm12Mi53ZWJwIiwic2xpZGVzaG93IjoiNjQ4YWY5OCJ9\">\n\t\t\t\t\t<div class=\"e-gallery-image elementor-gallery-item__image\" data-thumbnail=\"https:\/\/www.deeptravelspain.com\/wp-content\/uploads\/2023\/06\/f26aaf_3d0d8e8a53104fcbbe7a61ac39593382mv2.webp\" data-width=\"632\" data-height=\"842\" aria-label=\"\" role=\"img\" ><\/div>\n\t\t\t\t\t\t\t\t\t\t\t<div class=\"elementor-gallery-item__overlay\"><\/div>\n\t\t\t\t\t\t\t\t\t\t\t\t\t\t<\/a>\n\t\t\t\t\t\t\t<a class=\"e-gallery-item elementor-gallery-item elementor-animated-content\" href=\"https:\/\/www.deeptravelspain.com\/wp-content\/uploads\/2023\/06\/f26aaf_511b9915c69240bea2d821bfbbb2049cmv2.webp\" data-elementor-open-lightbox=\"yes\" data-elementor-lightbox-slideshow=\"648af98\" data-elementor-lightbox-title=\"f26aaf_511b9915c69240bea2d821bfbbb2049c~mv2\" data-e-action-hash=\"#elementor-action%3Aaction%3Dlightbox%26settings%3DeyJpZCI6ODUsInVybCI6Imh0dHBzOlwvXC93d3cuZGVlcHRyYXZlbHNwYWluLmNvbVwvd3AtY29udGVudFwvdXBsb2Fkc1wvMjAyM1wvMDZcL2YyNmFhZl81MTFiOTkxNWM2OTI0MGJlYTJkODIxYmZiYmIyMDQ5Y212Mi53ZWJwIiwic2xpZGVzaG93IjoiNjQ4YWY5OCJ9\">\n\t\t\t\t\t<div class=\"e-gallery-image elementor-gallery-item__image\" data-thumbnail=\"https:\/\/www.deeptravelspain.com\/wp-content\/uploads\/2023\/06\/f26aaf_511b9915c69240bea2d821bfbbb2049cmv2.webp\" data-width=\"1263\" data-height=\"842\" aria-label=\"\" role=\"img\" ><\/div>\n\t\t\t\t\t\t\t\t\t\t\t<div class=\"elementor-gallery-item__overlay\"><\/div>\n\t\t\t\t\t\t\t\t\t\t\t\t\t\t<\/a>\n\t\t\t\t\t\t\t<a class=\"e-gallery-item elementor-gallery-item elementor-animated-content\" href=\"https:\/\/www.deeptravelspain.com\/wp-content\/uploads\/2023\/06\/f26aaf_75aa492ae70645048280f6bafbbf5af6mv2.webp\" data-elementor-open-lightbox=\"yes\" data-elementor-lightbox-slideshow=\"648af98\" data-elementor-lightbox-title=\"f26aaf_75aa492ae70645048280f6bafbbf5af6~mv2\" data-e-action-hash=\"#elementor-action%3Aaction%3Dlightbox%26settings%3DeyJpZCI6ODQsInVybCI6Imh0dHBzOlwvXC93d3cuZGVlcHRyYXZlbHNwYWluLmNvbVwvd3AtY29udGVudFwvdXBsb2Fkc1wvMjAyM1wvMDZcL2YyNmFhZl83NWFhNDkyYWU3MDY0NTA0ODI4MGY2YmFmYmJmNWFmNm12Mi53ZWJwIiwic2xpZGVzaG93IjoiNjQ4YWY5OCJ9\">\n\t\t\t\t\t<div class=\"e-gallery-image elementor-gallery-item__image\" data-thumbnail=\"https:\/\/www.deeptravelspain.com\/wp-content\/uploads\/2023\/06\/f26aaf_75aa492ae70645048280f6bafbbf5af6mv2.webp\" data-width=\"1263\" data-height=\"842\" aria-label=\"\" role=\"img\" ><\/div>\n\t\t\t\t\t\t\t\t\t\t\t<div class=\"elementor-gallery-item__overlay\"><\/div>\n\t\t\t\t\t\t\t\t\t\t\t\t\t\t<\/a>\n\t\t\t\t\t\t\t<a class=\"e-gallery-item elementor-gallery-item elementor-animated-content\" href=\"https:\/\/www.deeptravelspain.com\/wp-content\/uploads\/2023\/06\/88a16b_c24f9e9126884aad86b86d9b2dd87645mv2.webp\" data-elementor-open-lightbox=\"yes\" data-elementor-lightbox-slideshow=\"648af98\" data-elementor-lightbox-title=\"88a16b_c24f9e9126884aad86b86d9b2dd87645~mv2\" data-e-action-hash=\"#elementor-action%3Aaction%3Dlightbox%26settings%3DeyJpZCI6ODEsInVybCI6Imh0dHBzOlwvXC93d3cuZGVlcHRyYXZlbHNwYWluLmNvbVwvd3AtY29udGVudFwvdXBsb2Fkc1wvMjAyM1wvMDZcLzg4YTE2Yl9jMjRmOWU5MTI2ODg0YWFkODZiODZkOWIyZGQ4NzY0NW12Mi53ZWJwIiwic2xpZGVzaG93IjoiNjQ4YWY5OCJ9\">\n\t\t\t\t\t<div class=\"e-gallery-image elementor-gallery-item__image\" data-thumbnail=\"https:\/\/www.deeptravelspain.com\/wp-content\/uploads\/2023\/06\/88a16b_c24f9e9126884aad86b86d9b2dd87645mv2.webp\" data-width=\"1263\" data-height=\"842\" aria-label=\"\" role=\"img\" ><\/div>\n\t\t\t\t\t\t\t\t\t\t\t<div class=\"elementor-gallery-item__overlay\"><\/div>\n\t\t\t\t\t\t\t\t\t\t\t\t\t\t<\/a>\n\t\t\t\t\t\t\t<a class=\"e-gallery-item elementor-gallery-item elementor-animated-content\" href=\"https:\/\/www.deeptravelspain.com\/wp-content\/uploads\/2023\/08\/chris-unger-xnLStyY-TiA-unsplash.jpg\" data-elementor-open-lightbox=\"yes\" data-elementor-lightbox-slideshow=\"648af98\" data-elementor-lightbox-title=\"chris-unger-xnLStyY-TiA-unsplash\" data-e-action-hash=\"#elementor-action%3Aaction%3Dlightbox%26settings%3DeyJpZCI6MjQ2MiwidXJsIjoiaHR0cHM6XC9cL3d3dy5kZWVwdHJhdmVsc3BhaW4uY29tXC93cC1jb250ZW50XC91cGxvYWRzXC8yMDIzXC8wOFwvY2hyaXMtdW5nZXIteG5MU3R5WS1UaUEtdW5zcGxhc2guanBnIiwic2xpZGVzaG93IjoiNjQ4YWY5OCJ9\">\n\t\t\t\t\t<div class=\"e-gallery-image elementor-gallery-item__image\" data-thumbnail=\"https:\/\/www.deeptravelspain.com\/wp-content\/uploads\/2023\/08\/chris-unger-xnLStyY-TiA-unsplash.jpg\" data-width=\"14426\" data-height=\"4608\" aria-label=\"\" role=\"img\" ><\/div>\n\t\t\t\t\t\t\t\t\t\t\t<div class=\"elementor-gallery-item__overlay\"><\/div>\n\t\t\t\t\t\t\t\t\t\t\t\t\t\t<\/a>\n\t\t\t\t\t<\/div>\n\t\t\t\t\t<\/div>\n\t\t\t\t<\/div>\n\t\t\t\t<\/div>\n\t\t\t\t\t<\/div>\n\t\t\t\t<\/div>\n\t\t\t\t<\/div>","protected":false},"excerpt":{"rendered":"<p>Back to map ANDALUCIA There are not many places like this in the world. These lands have seen humanity\u2019s greatest [&hellip;]<\/p>","protected":false},"author":1,"featured_media":0,"parent":0,"menu_order":0,"comment_status":"closed","ping_status":"closed","template":"","meta":{"site-sidebar-layout":"default","site-content-layout":"","ast-site-content-layout":"default","site-content-style":"default","site-sidebar-style":"default","ast-global-header-display":"","ast-banner-title-visibility":"","ast-main-header-display":"","ast-hfb-above-header-display":"","ast-hfb-below-header-display":"","ast-hfb-mobile-header-display":"","site-post-title":"","ast-breadcrumbs-content":"","ast-featured-img":"","footer-sml-layout":"","ast-disable-related-posts":"","theme-transparent-header-meta":"","adv-header-id-meta":"","stick-header-meta":"","header-above-stick-meta":"","header-main-stick-meta":"","header-below-stick-meta":"","astra-migrate-meta-layouts":"default","ast-page-background-enabled":"default","ast-page-background-meta":{"desktop":{"background-color":"var(--ast-global-color-4)","background-image":"","background-repeat":"repeat","background-position":"center center","background-size":"auto","background-attachment":"scroll","background-type":"","background-media":"","overlay-type":"","overlay-color":"","overlay-opacity":"","overlay-gradient":""},"tablet":{"background-color":"","background-image":"","background-repeat":"repeat","background-position":"center center","background-size":"auto","background-attachment":"scroll","background-type":"","background-media":"","overlay-type":"","overlay-color":"","overlay-opacity":"","overlay-gradient":""},"mobile":{"background-color":"","background-image":"","background-repeat":"repeat","background-position":"center center","background-size":"auto","background-attachment":"scroll","background-type":"","background-media":"","overlay-type":"","overlay-color":"","overlay-opacity":"","overlay-gradient":""}},"ast-content-background-meta":{"desktop":{"background-color":"var(--ast-global-color-5)","background-image":"","background-repeat":"repeat","background-position":"center center","background-size":"auto","background-attachment":"scroll","background-type":"","background-media":"","overlay-type":"","overlay-color":"","overlay-opacity":"","overlay-gradient":""},"tablet":{"background-color":"var(--ast-global-color-5)","background-image":"","background-repeat":"repeat","background-position":"center center","background-size":"auto","background-attachment":"scroll","background-type":"","background-media":"","overlay-type":"","overlay-color":"","overlay-opacity":"","overlay-gradient":""},"mobile":{"background-color":"var(--ast-global-color-5)","background-image":"","background-repeat":"repeat","background-position":"center center","background-size":"auto","background-attachment":"scroll","background-type":"","background-media":"","overlay-type":"","overlay-color":"","overlay-opacity":"","overlay-gradient":""}},"footnotes":""},"class_list":["post-1992","page","type-page","status-publish","hentry"],"yoast_head":"<!-- This site is optimized with the Yoast SEO plugin v26.8 - https:\/\/yoast.com\/product\/yoast-seo-wordpress\/ -->\n<title>Andalucia - Ojala<\/title>\n<meta name=\"robots\" content=\"index, follow, max-snippet:-1, max-image-preview:large, max-video-preview:-1\" \/>\n<link rel=\"canonical\" href=\"https:\/\/www.deeptravelspain.com\/fr\/andalucia\/\" \/>\n<meta property=\"og:locale\" content=\"fr_FR\" \/>\n<meta property=\"og:type\" content=\"article\" \/>\n<meta property=\"og:title\" content=\"Andalucia - Ojala\" \/>\n<meta property=\"og:description\" content=\"Back to map ANDALUCIA There are not many places like this in the world. These lands have seen humanity\u2019s greatest [&hellip;]\" \/>\n<meta property=\"og:url\" content=\"https:\/\/www.deeptravelspain.com\/fr\/andalucia\/\" \/>\n<meta property=\"og:site_name\" content=\"Ojala\" \/>\n<meta property=\"article:modified_time\" content=\"2025-05-13T14:43:20+00:00\" \/>\n<meta property=\"og:image\" content=\"https:\/\/www.deeptravelspain.com\/wp-content\/uploads\/2023\/07\/andalousie-picture.png\" \/>\n\t<meta property=\"og:image:width\" content=\"5766\" \/>\n\t<meta property=\"og:image:height\" content=\"2020\" \/>\n\t<meta property=\"og:image:type\" content=\"image\/png\" \/>\n<meta name=\"twitter:card\" content=\"summary_large_image\" \/>\n<meta name=\"twitter:label1\" content=\"Dur\u00e9e de lecture estim\u00e9e\" \/>\n\t<meta name=\"twitter:data1\" content=\"1 minute\" \/>\n<script type=\"application\/ld+json\" class=\"yoast-schema-graph\">{\"@context\":\"https:\/\/schema.org\",\"@graph\":[{\"@type\":\"WebPage\",\"@id\":\"https:\/\/www.deeptravelspain.com\/andalucia\/\",\"url\":\"https:\/\/www.deeptravelspain.com\/andalucia\/\",\"name\":\"Andalucia - Ojala\",\"isPartOf\":{\"@id\":\"https:\/\/www.deeptravelspain.com\/fr\/#website\"},\"primaryImageOfPage\":{\"@id\":\"https:\/\/www.deeptravelspain.com\/andalucia\/#primaryimage\"},\"image\":{\"@id\":\"https:\/\/www.deeptravelspain.com\/andalucia\/#primaryimage\"},\"thumbnailUrl\":\"https:\/\/www.deeptravelspain.com\/wp-content\/uploads\/2023\/07\/andalousie-picture.png\",\"datePublished\":\"2023-08-09T14:18:38+00:00\",\"dateModified\":\"2025-05-13T14:43:20+00:00\",\"breadcrumb\":{\"@id\":\"https:\/\/www.deeptravelspain.com\/andalucia\/#breadcrumb\"},\"inLanguage\":\"fr-FR\",\"potentialAction\":[{\"@type\":\"ReadAction\",\"target\":[\"https:\/\/www.deeptravelspain.com\/andalucia\/\"]}]},{\"@type\":\"ImageObject\",\"inLanguage\":\"fr-FR\",\"@id\":\"https:\/\/www.deeptravelspain.com\/andalucia\/#primaryimage\",\"url\":\"https:\/\/www.deeptravelspain.com\/wp-content\/uploads\/2023\/07\/andalousie-picture.png\",\"contentUrl\":\"https:\/\/www.deeptravelspain.com\/wp-content\/uploads\/2023\/07\/andalousie-picture.png\"},{\"@type\":\"BreadcrumbList\",\"@id\":\"https:\/\/www.deeptravelspain.com\/andalucia\/#breadcrumb\",\"itemListElement\":[{\"@type\":\"ListItem\",\"position\":1,\"name\":\"Accueil\",\"item\":\"https:\/\/www.deeptravelspain.com\/\"},{\"@type\":\"ListItem\",\"position\":2,\"name\":\"Andalucia\"}]},{\"@type\":\"WebSite\",\"@id\":\"https:\/\/www.deeptravelspain.com\/fr\/#website\",\"url\":\"https:\/\/www.deeptravelspain.com\/fr\/\",\"name\":\"Ojala\",\"description\":\"Deep Travel Spain\",\"potentialAction\":[{\"@type\":\"SearchAction\",\"target\":{\"@type\":\"EntryPoint\",\"urlTemplate\":\"https:\/\/www.deeptravelspain.com\/fr\/?s={search_term_string}\"},\"query-input\":{\"@type\":\"PropertyValueSpecification\",\"valueRequired\":true,\"valueName\":\"search_term_string\"}}],\"inLanguage\":\"fr-FR\"}]}<\/script>\n<!-- \/ Yoast SEO plugin. -->","yoast_head_json":{"title":"Andalucia - Ojala","robots":{"index":"index","follow":"follow","max-snippet":"max-snippet:-1","max-image-preview":"max-image-preview:large","max-video-preview":"max-video-preview:-1"},"canonical":"https:\/\/www.deeptravelspain.com\/fr\/andalucia\/","og_locale":"fr_FR","og_type":"article","og_title":"Andalucia - Ojala","og_description":"Back to map ANDALUCIA There are not many places like this in the world. These lands have seen humanity\u2019s greatest [&hellip;]","og_url":"https:\/\/www.deeptravelspain.com\/fr\/andalucia\/","og_site_name":"Ojala","article_modified_time":"2025-05-13T14:43:20+00:00","og_image":[{"width":5766,"height":2020,"url":"https:\/\/www.deeptravelspain.com\/wp-content\/uploads\/2023\/07\/andalousie-picture.png","type":"image\/png"}],"twitter_card":"summary_large_image","twitter_misc":{"Dur\u00e9e de lecture estim\u00e9e":"1 minute"},"schema":{"@context":"https:\/\/schema.org","@graph":[{"@type":"WebPage","@id":"https:\/\/www.deeptravelspain.com\/andalucia\/","url":"https:\/\/www.deeptravelspain.com\/andalucia\/","name":"Andalucia - Ojala","isPartOf":{"@id":"https:\/\/www.deeptravelspain.com\/fr\/#website"},"primaryImageOfPage":{"@id":"https:\/\/www.deeptravelspain.com\/andalucia\/#primaryimage"},"image":{"@id":"https:\/\/www.deeptravelspain.com\/andalucia\/#primaryimage"},"thumbnailUrl":"https:\/\/www.deeptravelspain.com\/wp-content\/uploads\/2023\/07\/andalousie-picture.png","datePublished":"2023-08-09T14:18:38+00:00","dateModified":"2025-05-13T14:43:20+00:00","breadcrumb":{"@id":"https:\/\/www.deeptravelspain.com\/andalucia\/#breadcrumb"},"inLanguage":"fr-FR","potentialAction":[{"@type":"ReadAction","target":["https:\/\/www.deeptravelspain.com\/andalucia\/"]}]},{"@type":"ImageObject","inLanguage":"fr-FR","@id":"https:\/\/www.deeptravelspain.com\/andalucia\/#primaryimage","url":"https:\/\/www.deeptravelspain.com\/wp-content\/uploads\/2023\/07\/andalousie-picture.png","contentUrl":"https:\/\/www.deeptravelspain.com\/wp-content\/uploads\/2023\/07\/andalousie-picture.png"},{"@type":"BreadcrumbList","@id":"https:\/\/www.deeptravelspain.com\/andalucia\/#breadcrumb","itemListElement":[{"@type":"ListItem","position":1,"name":"Accueil","item":"https:\/\/www.deeptravelspain.com\/"},{"@type":"ListItem","position":2,"name":"Andalucia"}]},{"@type":"WebSite","@id":"https:\/\/www.deeptravelspain.com\/fr\/#website","url":"https:\/\/www.deeptravelspain.com\/fr\/","name":"Ojala","description":"Deep Travel Spain","potentialAction":[{"@type":"SearchAction","target":{"@type":"EntryPoint","urlTemplate":"https:\/\/www.deeptravelspain.com\/fr\/?s={search_term_string}"},"query-input":{"@type":"PropertyValueSpecification","valueRequired":true,"valueName":"search_term_string"}}],"inLanguage":"fr-FR"}]}},"_links":{"self":[{"href":"https:\/\/www.deeptravelspain.com\/fr\/wp-json\/wp\/v2\/pages\/1992","targetHints":{"allow":["GET"]}}],"collection":[{"href":"https:\/\/www.deeptravelspain.com\/fr\/wp-json\/wp\/v2\/pages"}],"about":[{"href":"https:\/\/www.deeptravelspain.com\/fr\/wp-json\/wp\/v2\/types\/page"}],"author":[{"embeddable":true,"href":"https:\/\/www.deeptravelspain.com\/fr\/wp-json\/wp\/v2\/users\/1"}],"replies":[{"embeddable":true,"href":"https:\/\/www.deeptravelspain.com\/fr\/wp-json\/wp\/v2\/comments?post=1992"}],"version-history":[{"count":43,"href":"https:\/\/www.deeptravelspain.com\/fr\/wp-json\/wp\/v2\/pages\/1992\/revisions"}],"predecessor-version":[{"id":3308,"href":"https:\/\/www.deeptravelspain.com\/fr\/wp-json\/wp\/v2\/pages\/1992\/revisions\/3308"}],"wp:attachment":[{"href":"https:\/\/www.deeptravelspain.com\/fr\/wp-json\/wp\/v2\/media?parent=1992"}],"curies":[{"name":"wp","href":"https:\/\/api.w.org\/{rel}","templated":true}]}}