{"id":1984,"date":"2023-08-09T16:16:15","date_gmt":"2023-08-09T14:16:15","guid":{"rendered":"https:\/\/www.deeptravelspain.com\/?page_id=1984"},"modified":"2025-05-13T16:41:56","modified_gmt":"2025-05-13T14:41:56","slug":"galicia-and-el-bierzo","status":"publish","type":"page","link":"https:\/\/www.deeptravelspain.com\/fr\/galicia-and-el-bierzo\/","title":{"rendered":"Galicia et El Bierzo,\nLa nouvelle route des vins"},"content":{"rendered":"<div data-elementor-type=\"wp-page\" data-elementor-id=\"1984\" class=\"elementor elementor-1984\" data-elementor-post-type=\"page\">\n\t\t\t\t<div class=\"elementor-element elementor-element-5afba94 e-flex e-con-boxed e-con e-parent\" data-id=\"5afba94\" data-element_type=\"container\" data-e-type=\"container\" data-settings=\"{&quot;background_background&quot;:&quot;classic&quot;}\">\n\t\t\t\t\t<div class=\"e-con-inner\">\n\t\t\t\t<div class=\"elementor-element elementor-element-3c7148e elementor-mobile-align-left elementor-invisible elementor-widget elementor-widget-button\" data-id=\"3c7148e\" data-element_type=\"widget\" data-e-type=\"widget\" data-settings=\"{&quot;_animation&quot;:&quot;fadeInUp&quot;}\" data-widget_type=\"button.default\">\n\t\t\t\t<div class=\"elementor-widget-container\">\n\t\t\t\t\t\t\t\t\t<div class=\"elementor-button-wrapper\">\n\t\t\t\t\t<a class=\"elementor-button elementor-button-link elementor-size-xs elementor-animation-grow\" href=\"https:\/\/www.deeptravelspain.com\/fr\/destinations\/\">\n\t\t\t\t\t\t<span class=\"elementor-button-content-wrapper\">\n\t\t\t\t\t\t\t\t\t<span class=\"elementor-button-text\">Back to map<\/span>\n\t\t\t\t\t<\/span>\n\t\t\t\t\t<\/a>\n\t\t\t\t<\/div>\n\t\t\t\t\t\t\t\t<\/div>\n\t\t\t\t<\/div>\n\t\t\t\t<div class=\"elementor-element elementor-element-5206f5d elementor-widget elementor-widget-image\" data-id=\"5206f5d\" data-element_type=\"widget\" data-e-type=\"widget\" data-widget_type=\"image.default\">\n\t\t\t\t<div class=\"elementor-widget-container\">\n\t\t\t\t\t\t\t\t\t\t\t\t\t\t\t<img fetchpriority=\"high\" decoding=\"async\" width=\"5758\" height=\"2026\" src=\"https:\/\/www.deeptravelspain.com\/wp-content\/uploads\/2023\/07\/Galicia-picture.png\" class=\"attachment-full size-full wp-image-1379\" alt=\"\" srcset=\"https:\/\/www.deeptravelspain.com\/wp-content\/uploads\/2023\/07\/Galicia-picture.png 5758w, https:\/\/www.deeptravelspain.com\/wp-content\/uploads\/2023\/07\/Galicia-picture-300x106.png 300w, https:\/\/www.deeptravelspain.com\/wp-content\/uploads\/2023\/07\/Galicia-picture-1024x360.png 1024w, https:\/\/www.deeptravelspain.com\/wp-content\/uploads\/2023\/07\/Galicia-picture-768x270.png 768w, https:\/\/www.deeptravelspain.com\/wp-content\/uploads\/2023\/07\/Galicia-picture-1536x540.png 1536w, https:\/\/www.deeptravelspain.com\/wp-content\/uploads\/2023\/07\/Galicia-picture-2048x721.png 2048w, https:\/\/www.deeptravelspain.com\/wp-content\/uploads\/2023\/07\/Galicia-picture-18x6.png 18w\" sizes=\"(max-width: 5758px) 100vw, 5758px\" \/>\t\t\t\t\t\t\t\t\t\t\t\t\t\t\t<\/div>\n\t\t\t\t<\/div>\n\t\t\t\t\t<\/div>\n\t\t\t\t<\/div>\n\t\t<div class=\"elementor-element elementor-element-474b136 e-flex e-con-boxed e-con e-parent\" data-id=\"474b136\" data-element_type=\"container\" data-e-type=\"container\">\n\t\t\t\t\t<div class=\"e-con-inner\">\n\t\t\t\t<div class=\"elementor-element elementor-element-4b8affb elementor-invisible elementor-widget elementor-widget-heading\" data-id=\"4b8affb\" data-element_type=\"widget\" data-e-type=\"widget\" data-settings=\"{&quot;_animation&quot;:&quot;fadeInUp&quot;}\" data-widget_type=\"heading.default\">\n\t\t\t\t<div class=\"elementor-widget-container\">\n\t\t\t\t\t<h1 class=\"elementor-heading-title elementor-size-default\">GALICIA ET LE BIERZO<\/h1>\t\t\t\t<\/div>\n\t\t\t\t<\/div>\n\t\t\t\t\t<\/div>\n\t\t\t\t<\/div>\n\t\t<div class=\"elementor-element elementor-element-8b6e0f1 e-flex e-con-boxed e-con e-parent\" data-id=\"8b6e0f1\" data-element_type=\"container\" data-e-type=\"container\">\n\t\t\t\t\t<div class=\"e-con-inner\">\n\t\t<div class=\"elementor-element elementor-element-8963150 e-con-full e-flex e-con e-child\" data-id=\"8963150\" data-element_type=\"container\" data-e-type=\"container\">\n\t\t\t\t<div class=\"elementor-element elementor-element-8cab156 elementor-widget elementor-widget-text-editor\" data-id=\"8cab156\" data-element_type=\"widget\" data-e-type=\"widget\" data-widget_type=\"text-editor.default\">\n\t\t\t\t<div class=\"elementor-widget-container\">\n\t\t\t\t\t\t\t\t\t<p class=\"font_8 wixui-rich-text__text\"><span class=\"wixui-rich-text__text\">Pendant des si\u00e8cles les civilisations de l\u2019ancien monde ont consid\u00e9r\u00e9 la Galice comme l\u2019un des caps ou la terre connue prenait fin. Au del\u00e1 s\u2019ouvrait le noir et myst\u00e9rieux oc\u00e9an, infranchissable.<\/span><\/p><p class=\"font_8 wixui-rich-text__text\"><span class=\"wixui-rich-text__text\">La Galice fut et restera un de ces lieux aux marges des empires, des modes et autres tendances mondaines. Une terre intemporelle ou ses traditions et ses l\u00e9gendes furent avidement prot\u00e9g\u00e9es par ses habitants. Ces gens fa\u00e7onn\u00e9s par la mer et le gros temps mais aussi g\u00e9n\u00e9reux que leurs potagers et leurs vignes vous accueilleront avec la consid\u00e9ration dans ces terres de contrastes et de caract\u00e8re. La Galice et le Bierzo vont radicalement changer toutes les id\u00e9es re\u00e7ues que vous pourriez avoir sur l\u2019Espagne.<\/span><\/p><p class=\"font_8 wixui-rich-text__text\"><span class=\"wixui-rich-text__text\">Venez vous baigner de culture Celte, go\u00fbtez les meilleurs fruits de mer et les meilleurs vins blancs Albari\u00f1os, montez \u00e1 cheval dans le Bierzo ou traversez les Rias Baixas \u00e1 voile et laissez vous conqu\u00e9rir par ces terres qui restent encore \u00e1 d\u00e9couvrir<\/span><\/p>\t\t\t\t\t\t\t\t<\/div>\n\t\t\t\t<\/div>\n\t\t\t\t<\/div>\n\t\t<div class=\"elementor-element elementor-element-94bd5d5 e-con-full e-flex e-con e-child\" data-id=\"94bd5d5\" data-element_type=\"container\" data-e-type=\"container\">\n\t\t\t\t<div class=\"elementor-element elementor-element-8b509bc elementor-widget elementor-widget-gallery\" data-id=\"8b509bc\" data-element_type=\"widget\" data-e-type=\"widget\" data-settings=\"{&quot;columns&quot;:3,&quot;gap&quot;:{&quot;unit&quot;:&quot;px&quot;,&quot;size&quot;:15,&quot;sizes&quot;:[]},&quot;aspect_ratio&quot;:&quot;1:1&quot;,&quot;lazyload&quot;:&quot;yes&quot;,&quot;gallery_layout&quot;:&quot;grid&quot;,&quot;columns_tablet&quot;:2,&quot;columns_mobile&quot;:1,&quot;gap_tablet&quot;:{&quot;unit&quot;:&quot;px&quot;,&quot;size&quot;:10,&quot;sizes&quot;:[]},&quot;gap_mobile&quot;:{&quot;unit&quot;:&quot;px&quot;,&quot;size&quot;:10,&quot;sizes&quot;:[]},&quot;link_to&quot;:&quot;file&quot;,&quot;overlay_background&quot;:&quot;yes&quot;,&quot;content_hover_animation&quot;:&quot;fade-in&quot;}\" data-widget_type=\"gallery.default\">\n\t\t\t\t<div class=\"elementor-widget-container\">\n\t\t\t\t\t\t\t<div class=\"elementor-gallery__container\">\n\t\t\t\t\t\t\t<a class=\"e-gallery-item elementor-gallery-item elementor-animated-content\" href=\"https:\/\/www.deeptravelspain.com\/wp-content\/uploads\/2023\/08\/SEBDEEP.png\" data-elementor-open-lightbox=\"yes\" data-elementor-lightbox-slideshow=\"8b509bc\" data-elementor-lightbox-title=\"SEBDEEP\" data-e-action-hash=\"#elementor-action%3Aaction%3Dlightbox%26settings%3DeyJpZCI6MTk2NywidXJsIjoiaHR0cHM6XC9cL3d3dy5kZWVwdHJhdmVsc3BhaW4uY29tXC93cC1jb250ZW50XC91cGxvYWRzXC8yMDIzXC8wOFwvU0VCREVFUC5wbmciLCJzbGlkZXNob3ciOiI4YjUwOWJjIn0%3D\">\n\t\t\t\t\t<div class=\"e-gallery-image elementor-gallery-item__image\" data-thumbnail=\"https:\/\/www.deeptravelspain.com\/wp-content\/uploads\/2023\/08\/SEBDEEP.png\" data-width=\"1500\" data-height=\"1000\" aria-label=\"\" role=\"img\" ><\/div>\n\t\t\t\t\t\t\t\t\t\t\t<div class=\"elementor-gallery-item__overlay\"><\/div>\n\t\t\t\t\t\t\t\t\t\t\t\t\t\t<\/a>\n\t\t\t\t\t\t\t<a class=\"e-gallery-item elementor-gallery-item elementor-animated-content\" href=\"https:\/\/www.deeptravelspain.com\/wp-content\/uploads\/2023\/06\/88a16b_ab562b11c0b74a419403a8310ae25ce6mv2.webp\" data-elementor-open-lightbox=\"yes\" data-elementor-lightbox-slideshow=\"8b509bc\" data-elementor-lightbox-title=\"88a16b_ab562b11c0b74a419403a8310ae25ce6~mv2\" data-e-action-hash=\"#elementor-action%3Aaction%3Dlightbox%26settings%3DeyJpZCI6MTIwLCJ1cmwiOiJodHRwczpcL1wvd3d3LmRlZXB0cmF2ZWxzcGFpbi5jb21cL3dwLWNvbnRlbnRcL3VwbG9hZHNcLzIwMjNcLzA2XC84OGExNmJfYWI1NjJiMTFjMGI3NGE0MTk0MDNhODMxMGFlMjVjZTZtdjIud2VicCIsInNsaWRlc2hvdyI6IjhiNTA5YmMifQ%3D%3D\">\n\t\t\t\t\t<div class=\"e-gallery-image elementor-gallery-item__image\" data-thumbnail=\"https:\/\/www.deeptravelspain.com\/wp-content\/uploads\/2023\/06\/88a16b_ab562b11c0b74a419403a8310ae25ce6mv2.webp\" data-width=\"561\" data-height=\"842\" aria-label=\"\" role=\"img\" ><\/div>\n\t\t\t\t\t\t\t\t\t\t\t<div class=\"elementor-gallery-item__overlay\"><\/div>\n\t\t\t\t\t\t\t\t\t\t\t\t\t\t<\/a>\n\t\t\t\t\t\t\t<a class=\"e-gallery-item elementor-gallery-item elementor-animated-content\" href=\"https:\/\/www.deeptravelspain.com\/wp-content\/uploads\/2023\/06\/88a16b_1566ed72d0a94539a81725f3ba03ee4emv2.webp\" data-elementor-open-lightbox=\"yes\" data-elementor-lightbox-slideshow=\"8b509bc\" data-elementor-lightbox-title=\"88a16b_1566ed72d0a94539a81725f3ba03ee4e~mv2\" data-e-action-hash=\"#elementor-action%3Aaction%3Dlightbox%26settings%3DeyJpZCI6MTE5LCJ1cmwiOiJodHRwczpcL1wvd3d3LmRlZXB0cmF2ZWxzcGFpbi5jb21cL3dwLWNvbnRlbnRcL3VwbG9hZHNcLzIwMjNcLzA2XC84OGExNmJfMTU2NmVkNzJkMGE5NDUzOWE4MTcyNWYzYmEwM2VlNGVtdjIud2VicCIsInNsaWRlc2hvdyI6IjhiNTA5YmMifQ%3D%3D\">\n\t\t\t\t\t<div class=\"e-gallery-image elementor-gallery-item__image\" data-thumbnail=\"https:\/\/www.deeptravelspain.com\/wp-content\/uploads\/2023\/06\/88a16b_1566ed72d0a94539a81725f3ba03ee4emv2.webp\" data-width=\"561\" data-height=\"842\" aria-label=\"\" role=\"img\" ><\/div>\n\t\t\t\t\t\t\t\t\t\t\t<div class=\"elementor-gallery-item__overlay\"><\/div>\n\t\t\t\t\t\t\t\t\t\t\t\t\t\t<\/a>\n\t\t\t\t\t\t\t<a class=\"e-gallery-item elementor-gallery-item elementor-animated-content\" href=\"https:\/\/www.deeptravelspain.com\/wp-content\/uploads\/2023\/06\/88a16b_0b0c37fd03dd4995a2e74fbb8e07c748mv2.webp\" data-elementor-open-lightbox=\"yes\" data-elementor-lightbox-slideshow=\"8b509bc\" data-elementor-lightbox-title=\"88a16b_0b0c37fd03dd4995a2e74fbb8e07c748~mv2\" data-e-action-hash=\"#elementor-action%3Aaction%3Dlightbox%26settings%3DeyJpZCI6MTIyLCJ1cmwiOiJodHRwczpcL1wvd3d3LmRlZXB0cmF2ZWxzcGFpbi5jb21cL3dwLWNvbnRlbnRcL3VwbG9hZHNcLzIwMjNcLzA2XC84OGExNmJfMGIwYzM3ZmQwM2RkNDk5NWEyZTc0ZmJiOGUwN2M3NDhtdjIud2VicCIsInNsaWRlc2hvdyI6IjhiNTA5YmMifQ%3D%3D\">\n\t\t\t\t\t<div class=\"e-gallery-image elementor-gallery-item__image\" data-thumbnail=\"https:\/\/www.deeptravelspain.com\/wp-content\/uploads\/2023\/06\/88a16b_0b0c37fd03dd4995a2e74fbb8e07c748mv2.webp\" data-width=\"561\" data-height=\"842\" aria-label=\"\" role=\"img\" ><\/div>\n\t\t\t\t\t\t\t\t\t\t\t<div class=\"elementor-gallery-item__overlay\"><\/div>\n\t\t\t\t\t\t\t\t\t\t\t\t\t\t<\/a>\n\t\t\t\t\t\t\t<a class=\"e-gallery-item elementor-gallery-item elementor-animated-content\" href=\"https:\/\/www.deeptravelspain.com\/wp-content\/uploads\/2023\/06\/88a16b_1372a3592a5a40d9adf33841ad99483amv2.webp\" data-elementor-open-lightbox=\"yes\" data-elementor-lightbox-slideshow=\"8b509bc\" data-elementor-lightbox-title=\"88a16b_1372a3592a5a40d9adf33841ad99483a~mv2\" data-e-action-hash=\"#elementor-action%3Aaction%3Dlightbox%26settings%3DeyJpZCI6MTE4LCJ1cmwiOiJodHRwczpcL1wvd3d3LmRlZXB0cmF2ZWxzcGFpbi5jb21cL3dwLWNvbnRlbnRcL3VwbG9hZHNcLzIwMjNcLzA2XC84OGExNmJfMTM3MmEzNTkyYTVhNDBkOWFkZjMzODQxYWQ5OTQ4M2FtdjIud2VicCIsInNsaWRlc2hvdyI6IjhiNTA5YmMifQ%3D%3D\">\n\t\t\t\t\t<div class=\"e-gallery-image elementor-gallery-item__image\" data-thumbnail=\"https:\/\/www.deeptravelspain.com\/wp-content\/uploads\/2023\/06\/88a16b_1372a3592a5a40d9adf33841ad99483amv2.webp\" data-width=\"561\" data-height=\"842\" aria-label=\"\" role=\"img\" ><\/div>\n\t\t\t\t\t\t\t\t\t\t\t<div class=\"elementor-gallery-item__overlay\"><\/div>\n\t\t\t\t\t\t\t\t\t\t\t\t\t\t<\/a>\n\t\t\t\t\t\t\t<a class=\"e-gallery-item elementor-gallery-item elementor-animated-content\" href=\"https:\/\/www.deeptravelspain.com\/wp-content\/uploads\/2023\/06\/88a16b_17c9457dd4ab4bc5a2a3e2634c1c63b3mv2.webp\" data-elementor-open-lightbox=\"yes\" data-elementor-lightbox-slideshow=\"8b509bc\" data-elementor-lightbox-title=\"88a16b_17c9457dd4ab4bc5a2a3e2634c1c63b3~mv2\" data-e-action-hash=\"#elementor-action%3Aaction%3Dlightbox%26settings%3DeyJpZCI6MTE2LCJ1cmwiOiJodHRwczpcL1wvd3d3LmRlZXB0cmF2ZWxzcGFpbi5jb21cL3dwLWNvbnRlbnRcL3VwbG9hZHNcLzIwMjNcLzA2XC84OGExNmJfMTdjOTQ1N2RkNGFiNGJjNWEyYTNlMjYzNGMxYzYzYjNtdjIud2VicCIsInNsaWRlc2hvdyI6IjhiNTA5YmMifQ%3D%3D\">\n\t\t\t\t\t<div class=\"e-gallery-image elementor-gallery-item__image\" data-thumbnail=\"https:\/\/www.deeptravelspain.com\/wp-content\/uploads\/2023\/06\/88a16b_17c9457dd4ab4bc5a2a3e2634c1c63b3mv2.webp\" data-width=\"1263\" data-height=\"842\" aria-label=\"\" role=\"img\" ><\/div>\n\t\t\t\t\t\t\t\t\t\t\t<div class=\"elementor-gallery-item__overlay\"><\/div>\n\t\t\t\t\t\t\t\t\t\t\t\t\t\t<\/a>\n\t\t\t\t\t\t\t<a class=\"e-gallery-item elementor-gallery-item elementor-animated-content\" href=\"https:\/\/www.deeptravelspain.com\/wp-content\/uploads\/2023\/06\/88a16b_8a6fddab13524d17920fded355c41790mv2.webp\" data-elementor-open-lightbox=\"yes\" data-elementor-lightbox-slideshow=\"8b509bc\" data-elementor-lightbox-title=\"88a16b_8a6fddab13524d17920fded355c41790~mv2\" data-e-action-hash=\"#elementor-action%3Aaction%3Dlightbox%26settings%3DeyJpZCI6MTI0LCJ1cmwiOiJodHRwczpcL1wvd3d3LmRlZXB0cmF2ZWxzcGFpbi5jb21cL3dwLWNvbnRlbnRcL3VwbG9hZHNcLzIwMjNcLzA2XC84OGExNmJfOGE2ZmRkYWIxMzUyNGQxNzkyMGZkZWQzNTVjNDE3OTBtdjIud2VicCIsInNsaWRlc2hvdyI6IjhiNTA5YmMifQ%3D%3D\">\n\t\t\t\t\t<div class=\"e-gallery-image elementor-gallery-item__image\" data-thumbnail=\"https:\/\/www.deeptravelspain.com\/wp-content\/uploads\/2023\/06\/88a16b_8a6fddab13524d17920fded355c41790mv2.webp\" data-width=\"1263\" data-height=\"842\" aria-label=\"\" role=\"img\" ><\/div>\n\t\t\t\t\t\t\t\t\t\t\t<div class=\"elementor-gallery-item__overlay\"><\/div>\n\t\t\t\t\t\t\t\t\t\t\t\t\t\t<\/a>\n\t\t\t\t\t\t\t<a class=\"e-gallery-item elementor-gallery-item elementor-animated-content\" href=\"https:\/\/www.deeptravelspain.com\/wp-content\/uploads\/2023\/06\/88a16b_5d7a10d53c7948cc84bf092367d69f2fmv2.webp\" data-elementor-open-lightbox=\"yes\" data-elementor-lightbox-slideshow=\"8b509bc\" data-elementor-lightbox-title=\"88a16b_5d7a10d53c7948cc84bf092367d69f2f~mv2\" data-e-action-hash=\"#elementor-action%3Aaction%3Dlightbox%26settings%3DeyJpZCI6MTIzLCJ1cmwiOiJodHRwczpcL1wvd3d3LmRlZXB0cmF2ZWxzcGFpbi5jb21cL3dwLWNvbnRlbnRcL3VwbG9hZHNcLzIwMjNcLzA2XC84OGExNmJfNWQ3YTEwZDUzYzc5NDhjYzg0YmYwOTIzNjdkNjlmMmZtdjIud2VicCIsInNsaWRlc2hvdyI6IjhiNTA5YmMifQ%3D%3D\">\n\t\t\t\t\t<div class=\"e-gallery-image elementor-gallery-item__image\" data-thumbnail=\"https:\/\/www.deeptravelspain.com\/wp-content\/uploads\/2023\/06\/88a16b_5d7a10d53c7948cc84bf092367d69f2fmv2.webp\" data-width=\"1263\" data-height=\"842\" aria-label=\"\" role=\"img\" ><\/div>\n\t\t\t\t\t\t\t\t\t\t\t<div class=\"elementor-gallery-item__overlay\"><\/div>\n\t\t\t\t\t\t\t\t\t\t\t\t\t\t<\/a>\n\t\t\t\t\t\t\t<a class=\"e-gallery-item elementor-gallery-item elementor-animated-content\" href=\"https:\/\/www.deeptravelspain.com\/wp-content\/uploads\/2023\/08\/IMGL7750.jpg\" data-elementor-open-lightbox=\"yes\" data-elementor-lightbox-slideshow=\"8b509bc\" data-elementor-lightbox-title=\"IMGL7750\" data-e-action-hash=\"#elementor-action%3Aaction%3Dlightbox%26settings%3DeyJpZCI6MjQ2MywidXJsIjoiaHR0cHM6XC9cL3d3dy5kZWVwdHJhdmVsc3BhaW4uY29tXC93cC1jb250ZW50XC91cGxvYWRzXC8yMDIzXC8wOFwvSU1HTDc3NTAuanBnIiwic2xpZGVzaG93IjoiOGI1MDliYyJ9\">\n\t\t\t\t\t<div class=\"e-gallery-image elementor-gallery-item__image\" data-thumbnail=\"https:\/\/www.deeptravelspain.com\/wp-content\/uploads\/2023\/08\/IMGL7750.jpg\" data-width=\"6720\" data-height=\"4480\" aria-label=\"\" role=\"img\" ><\/div>\n\t\t\t\t\t\t\t\t\t\t\t<div class=\"elementor-gallery-item__overlay\"><\/div>\n\t\t\t\t\t\t\t\t\t\t\t\t\t\t<\/a>\n\t\t\t\t\t<\/div>\n\t\t\t\t\t<\/div>\n\t\t\t\t<\/div>\n\t\t\t\t<\/div>\n\t\t\t\t\t<\/div>\n\t\t\t\t<\/div>\n\t\t\t\t<\/div>","protected":false},"excerpt":{"rendered":"<p>Back to map GALICIA and El BIERZO For a very long time, Mediterranean civilizations thought that Galicia was the end [&hellip;]<\/p>","protected":false},"author":1,"featured_media":0,"parent":0,"menu_order":0,"comment_status":"closed","ping_status":"closed","template":"","meta":{"site-sidebar-layout":"default","site-content-layout":"","ast-site-content-layout":"default","site-content-style":"default","site-sidebar-style":"default","ast-global-header-display":"","ast-banner-title-visibility":"","ast-main-header-display":"","ast-hfb-above-header-display":"","ast-hfb-below-header-display":"","ast-hfb-mobile-header-display":"","site-post-title":"","ast-breadcrumbs-content":"","ast-featured-img":"","footer-sml-layout":"","ast-disable-related-posts":"","theme-transparent-header-meta":"","adv-header-id-meta":"","stick-header-meta":"","header-above-stick-meta":"","header-main-stick-meta":"","header-below-stick-meta":"","astra-migrate-meta-layouts":"default","ast-page-background-enabled":"default","ast-page-background-meta":{"desktop":{"background-color":"var(--ast-global-color-4)","background-image":"","background-repeat":"repeat","background-position":"center center","background-size":"auto","background-attachment":"scroll","background-type":"","background-media":"","overlay-type":"","overlay-color":"","overlay-opacity":"","overlay-gradient":""},"tablet":{"background-color":"","background-image":"","background-repeat":"repeat","background-position":"center center","background-size":"auto","background-attachment":"scroll","background-type":"","background-media":"","overlay-type":"","overlay-color":"","overlay-opacity":"","overlay-gradient":""},"mobile":{"background-color":"","background-image":"","background-repeat":"repeat","background-position":"center center","background-size":"auto","background-attachment":"scroll","background-type":"","background-media":"","overlay-type":"","overlay-color":"","overlay-opacity":"","overlay-gradient":""}},"ast-content-background-meta":{"desktop":{"background-color":"var(--ast-global-color-5)","background-image":"","background-repeat":"repeat","background-position":"center center","background-size":"auto","background-attachment":"scroll","background-type":"","background-media":"","overlay-type":"","overlay-color":"","overlay-opacity":"","overlay-gradient":""},"tablet":{"background-color":"var(--ast-global-color-5)","background-image":"","background-repeat":"repeat","background-position":"center center","background-size":"auto","background-attachment":"scroll","background-type":"","background-media":"","overlay-type":"","overlay-color":"","overlay-opacity":"","overlay-gradient":""},"mobile":{"background-color":"var(--ast-global-color-5)","background-image":"","background-repeat":"repeat","background-position":"center center","background-size":"auto","background-attachment":"scroll","background-type":"","background-media":"","overlay-type":"","overlay-color":"","overlay-opacity":"","overlay-gradient":""}},"footnotes":""},"class_list":["post-1984","page","type-page","status-publish","hentry"],"yoast_head":"<!-- This site is optimized with the Yoast SEO plugin v26.8 - https:\/\/yoast.com\/product\/yoast-seo-wordpress\/ -->\n<title>Galicia and El Bierzo - Ojala<\/title>\n<meta name=\"robots\" content=\"index, follow, max-snippet:-1, max-image-preview:large, max-video-preview:-1\" \/>\n<link rel=\"canonical\" href=\"https:\/\/www.deeptravelspain.com\/fr\/galicia-and-el-bierzo\/\" \/>\n<meta property=\"og:locale\" content=\"fr_FR\" \/>\n<meta property=\"og:type\" content=\"article\" \/>\n<meta property=\"og:title\" content=\"Galicia and El Bierzo - Ojala\" \/>\n<meta property=\"og:description\" content=\"Back to map GALICIA and El BIERZO For a very long time, Mediterranean civilizations thought that Galicia was the end [&hellip;]\" \/>\n<meta property=\"og:url\" content=\"https:\/\/www.deeptravelspain.com\/fr\/galicia-and-el-bierzo\/\" \/>\n<meta property=\"og:site_name\" content=\"Ojala\" \/>\n<meta property=\"article:modified_time\" content=\"2025-05-13T14:41:56+00:00\" \/>\n<meta property=\"og:image\" content=\"https:\/\/www.deeptravelspain.com\/wp-content\/uploads\/2023\/07\/Galicia-picture-1024x360.png\" \/>\n\t<meta property=\"og:image:width\" content=\"1024\" \/>\n\t<meta property=\"og:image:height\" content=\"360\" \/>\n\t<meta property=\"og:image:type\" content=\"image\/png\" \/>\n<meta name=\"twitter:card\" content=\"summary_large_image\" \/>\n<meta name=\"twitter:label1\" content=\"Dur\u00e9e de lecture estim\u00e9e\" \/>\n\t<meta name=\"twitter:data1\" content=\"2 minutes\" \/>\n<script type=\"application\/ld+json\" class=\"yoast-schema-graph\">{\"@context\":\"https:\/\/schema.org\",\"@graph\":[{\"@type\":\"WebPage\",\"@id\":\"https:\/\/www.deeptravelspain.com\/galicia-and-el-bierzo\/\",\"url\":\"https:\/\/www.deeptravelspain.com\/galicia-and-el-bierzo\/\",\"name\":\"Galicia and El Bierzo - Ojala\",\"isPartOf\":{\"@id\":\"https:\/\/www.deeptravelspain.com\/fr\/#website\"},\"primaryImageOfPage\":{\"@id\":\"https:\/\/www.deeptravelspain.com\/galicia-and-el-bierzo\/#primaryimage\"},\"image\":{\"@id\":\"https:\/\/www.deeptravelspain.com\/galicia-and-el-bierzo\/#primaryimage\"},\"thumbnailUrl\":\"https:\/\/www.deeptravelspain.com\/wp-content\/uploads\/2023\/07\/Galicia-picture.png\",\"datePublished\":\"2023-08-09T14:16:15+00:00\",\"dateModified\":\"2025-05-13T14:41:56+00:00\",\"breadcrumb\":{\"@id\":\"https:\/\/www.deeptravelspain.com\/galicia-and-el-bierzo\/#breadcrumb\"},\"inLanguage\":\"fr-FR\",\"potentialAction\":[{\"@type\":\"ReadAction\",\"target\":[\"https:\/\/www.deeptravelspain.com\/galicia-and-el-bierzo\/\"]}]},{\"@type\":\"ImageObject\",\"inLanguage\":\"fr-FR\",\"@id\":\"https:\/\/www.deeptravelspain.com\/galicia-and-el-bierzo\/#primaryimage\",\"url\":\"https:\/\/www.deeptravelspain.com\/wp-content\/uploads\/2023\/07\/Galicia-picture.png\",\"contentUrl\":\"https:\/\/www.deeptravelspain.com\/wp-content\/uploads\/2023\/07\/Galicia-picture.png\"},{\"@type\":\"BreadcrumbList\",\"@id\":\"https:\/\/www.deeptravelspain.com\/galicia-and-el-bierzo\/#breadcrumb\",\"itemListElement\":[{\"@type\":\"ListItem\",\"position\":1,\"name\":\"Accueil\",\"item\":\"https:\/\/www.deeptravelspain.com\/\"},{\"@type\":\"ListItem\",\"position\":2,\"name\":\"Galicia and El Bierzo\"}]},{\"@type\":\"WebSite\",\"@id\":\"https:\/\/www.deeptravelspain.com\/fr\/#website\",\"url\":\"https:\/\/www.deeptravelspain.com\/fr\/\",\"name\":\"Ojala\",\"description\":\"Deep Travel Spain\",\"potentialAction\":[{\"@type\":\"SearchAction\",\"target\":{\"@type\":\"EntryPoint\",\"urlTemplate\":\"https:\/\/www.deeptravelspain.com\/fr\/?s={search_term_string}\"},\"query-input\":{\"@type\":\"PropertyValueSpecification\",\"valueRequired\":true,\"valueName\":\"search_term_string\"}}],\"inLanguage\":\"fr-FR\"}]}<\/script>\n<!-- \/ Yoast SEO plugin. -->","yoast_head_json":{"title":"Galicia and El Bierzo - Ojala","robots":{"index":"index","follow":"follow","max-snippet":"max-snippet:-1","max-image-preview":"max-image-preview:large","max-video-preview":"max-video-preview:-1"},"canonical":"https:\/\/www.deeptravelspain.com\/fr\/galicia-and-el-bierzo\/","og_locale":"fr_FR","og_type":"article","og_title":"Galicia and El Bierzo - Ojala","og_description":"Back to map GALICIA and El BIERZO For a very long time, Mediterranean civilizations thought that Galicia was the end [&hellip;]","og_url":"https:\/\/www.deeptravelspain.com\/fr\/galicia-and-el-bierzo\/","og_site_name":"Ojala","article_modified_time":"2025-05-13T14:41:56+00:00","og_image":[{"width":1024,"height":360,"url":"https:\/\/www.deeptravelspain.com\/wp-content\/uploads\/2023\/07\/Galicia-picture-1024x360.png","type":"image\/png"}],"twitter_card":"summary_large_image","twitter_misc":{"Dur\u00e9e de lecture estim\u00e9e":"2 minutes"},"schema":{"@context":"https:\/\/schema.org","@graph":[{"@type":"WebPage","@id":"https:\/\/www.deeptravelspain.com\/galicia-and-el-bierzo\/","url":"https:\/\/www.deeptravelspain.com\/galicia-and-el-bierzo\/","name":"Galicia and El Bierzo - Ojala","isPartOf":{"@id":"https:\/\/www.deeptravelspain.com\/fr\/#website"},"primaryImageOfPage":{"@id":"https:\/\/www.deeptravelspain.com\/galicia-and-el-bierzo\/#primaryimage"},"image":{"@id":"https:\/\/www.deeptravelspain.com\/galicia-and-el-bierzo\/#primaryimage"},"thumbnailUrl":"https:\/\/www.deeptravelspain.com\/wp-content\/uploads\/2023\/07\/Galicia-picture.png","datePublished":"2023-08-09T14:16:15+00:00","dateModified":"2025-05-13T14:41:56+00:00","breadcrumb":{"@id":"https:\/\/www.deeptravelspain.com\/galicia-and-el-bierzo\/#breadcrumb"},"inLanguage":"fr-FR","potentialAction":[{"@type":"ReadAction","target":["https:\/\/www.deeptravelspain.com\/galicia-and-el-bierzo\/"]}]},{"@type":"ImageObject","inLanguage":"fr-FR","@id":"https:\/\/www.deeptravelspain.com\/galicia-and-el-bierzo\/#primaryimage","url":"https:\/\/www.deeptravelspain.com\/wp-content\/uploads\/2023\/07\/Galicia-picture.png","contentUrl":"https:\/\/www.deeptravelspain.com\/wp-content\/uploads\/2023\/07\/Galicia-picture.png"},{"@type":"BreadcrumbList","@id":"https:\/\/www.deeptravelspain.com\/galicia-and-el-bierzo\/#breadcrumb","itemListElement":[{"@type":"ListItem","position":1,"name":"Accueil","item":"https:\/\/www.deeptravelspain.com\/"},{"@type":"ListItem","position":2,"name":"Galicia and El Bierzo"}]},{"@type":"WebSite","@id":"https:\/\/www.deeptravelspain.com\/fr\/#website","url":"https:\/\/www.deeptravelspain.com\/fr\/","name":"Ojala","description":"Deep Travel Spain","potentialAction":[{"@type":"SearchAction","target":{"@type":"EntryPoint","urlTemplate":"https:\/\/www.deeptravelspain.com\/fr\/?s={search_term_string}"},"query-input":{"@type":"PropertyValueSpecification","valueRequired":true,"valueName":"search_term_string"}}],"inLanguage":"fr-FR"}]}},"_links":{"self":[{"href":"https:\/\/www.deeptravelspain.com\/fr\/wp-json\/wp\/v2\/pages\/1984","targetHints":{"allow":["GET"]}}],"collection":[{"href":"https:\/\/www.deeptravelspain.com\/fr\/wp-json\/wp\/v2\/pages"}],"about":[{"href":"https:\/\/www.deeptravelspain.com\/fr\/wp-json\/wp\/v2\/types\/page"}],"author":[{"embeddable":true,"href":"https:\/\/www.deeptravelspain.com\/fr\/wp-json\/wp\/v2\/users\/1"}],"replies":[{"embeddable":true,"href":"https:\/\/www.deeptravelspain.com\/fr\/wp-json\/wp\/v2\/comments?post=1984"}],"version-history":[{"count":40,"href":"https:\/\/www.deeptravelspain.com\/fr\/wp-json\/wp\/v2\/pages\/1984\/revisions"}],"predecessor-version":[{"id":3305,"href":"https:\/\/www.deeptravelspain.com\/fr\/wp-json\/wp\/v2\/pages\/1984\/revisions\/3305"}],"wp:attachment":[{"href":"https:\/\/www.deeptravelspain.com\/fr\/wp-json\/wp\/v2\/media?parent=1984"}],"curies":[{"name":"wp","href":"https:\/\/api.w.org\/{rel}","templated":true}]}}