{"id":34,"date":"2023-06-28T09:59:02","date_gmt":"2023-06-28T07:59:02","guid":{"rendered":"http:\/\/deeptrb.cluster027.hosting.ovh.net\/?page_id=34"},"modified":"2024-08-05T10:08:52","modified_gmt":"2024-08-05T08:08:52","slug":"deep-travel-v1","status":"publish","type":"page","link":"https:\/\/www.deeptravelspain.com\/de\/deep-travel-v1\/","title":{"rendered":"Deep Travel-V1"},"content":{"rendered":"<div data-elementor-type=\"wp-page\" data-elementor-id=\"34\" class=\"elementor elementor-34\" data-elementor-post-type=\"page\">\n\t\t\t\t<div class=\"elementor-element elementor-element-4952841 e-con-full e-flex e-con e-parent\" data-id=\"4952841\" data-element_type=\"container\" data-e-type=\"container\" data-settings=\"{&quot;background_background&quot;:&quot;classic&quot;}\">\n\t\t\t\t<div class=\"elementor-element elementor-element-40f9101 elementor-invisible elementor-widget elementor-widget-heading\" data-id=\"40f9101\" data-element_type=\"widget\" data-e-type=\"widget\" data-settings=\"{&quot;_animation&quot;:&quot;fadeInUp&quot;}\" data-widget_type=\"heading.default\">\n\t\t\t\t<div class=\"elementor-widget-container\">\n\t\t\t\t\t<h2 class=\"elementor-heading-title elementor-size-default\">Deep Travel <\/h2>\t\t\t\t<\/div>\n\t\t\t\t<\/div>\n\t\t\t\t<div class=\"elementor-element elementor-element-8fbcf30 elementor-widget-divider--view-line elementor-widget elementor-widget-divider\" data-id=\"8fbcf30\" data-element_type=\"widget\" data-e-type=\"widget\" data-widget_type=\"divider.default\">\n\t\t\t\t<div class=\"elementor-widget-container\">\n\t\t\t\t\t\t\t<div class=\"elementor-divider\">\n\t\t\t<span class=\"elementor-divider-separator\">\n\t\t\t\t\t\t<\/span>\n\t\t<\/div>\n\t\t\t\t\t\t<\/div>\n\t\t\t\t<\/div>\n\t\t\t\t<div class=\"elementor-element elementor-element-2b8efa6 elementor-blockquote--skin-quotation elementor-blockquote--align-center elementor-widget__width-initial elementor-widget elementor-widget-blockquote\" data-id=\"2b8efa6\" data-element_type=\"widget\" data-e-type=\"widget\" data-widget_type=\"blockquote.default\">\n\t\t\t\t<div class=\"elementor-widget-container\">\n\t\t\t\t\t\t\t<blockquote class=\"elementor-blockquote\">\n\t\t\t<p class=\"elementor-blockquote__content\">\n\t\t\t\t\u201eDeep Travel bezeichnet einen durch das Reisen ausgel\u00f6sten, angeregten Gem\u00fctszustand, in dem alles frisch, lebhaft, intensiv, interessant und unvergesslich wird.\u201c\n\t\t\t<\/p>\n\t\t\t\t\t\t\t<div class=\"e-q-footer\">\n\t\t\t\t\t\t\t\t\t\t\t<cite class=\"elementor-blockquote__author\">M.Hiss, The New Yorker<\/cite>\n\t\t\t\t\t\t\t\t\t\t\t\t\t\t<\/div>\n\t\t\t\t\t<\/blockquote>\n\t\t\t\t\t\t<\/div>\n\t\t\t\t<\/div>\n\t\t\t\t<\/div>\n\t\t<div class=\"elementor-element elementor-element-96c9469 e-flex e-con-boxed e-con e-parent\" data-id=\"96c9469\" data-element_type=\"container\" data-e-type=\"container\" data-settings=\"{&quot;background_background&quot;:&quot;classic&quot;}\">\n\t\t\t\t\t<div class=\"e-con-inner\">\n\t\t<div class=\"elementor-element elementor-element-99f2991 e-con-full e-flex e-con e-parent\" data-id=\"99f2991\" data-element_type=\"container\" data-e-type=\"container\">\n\t\t\t\t<div class=\"elementor-element elementor-element-26a0385 elementor-widget elementor-widget-heading\" data-id=\"26a0385\" data-element_type=\"widget\" data-e-type=\"widget\" data-widget_type=\"heading.default\">\n\t\t\t\t<div class=\"elementor-widget-container\">\n\t\t\t\t\t<h2 class=\"elementor-heading-title elementor-size-default\">WAS WIR MIT DEEP TRAVEL MEINEN\n<\/h2>\t\t\t\t<\/div>\n\t\t\t\t<\/div>\n\t\t\t\t<div class=\"elementor-element elementor-element-fc12a48 elementor-widget elementor-widget-text-editor\" data-id=\"fc12a48\" data-element_type=\"widget\" data-e-type=\"widget\" data-widget_type=\"text-editor.default\">\n\t\t\t\t<div class=\"elementor-widget-container\">\n\t\t\t\t\t\t\t\t\t<p class=\"font_8 wixui-rich-text__text\"><span class=\"wixui-rich-text__text\">Seit der Antike stellt das Reisen f\u00fcr den Mensch ein unz\u00e4hmbares Bed\u00fcrfnis dar, sich selbst, aber auch andere Menschen, Orte, Kulturen und Traditionen kennenzulernen. Das trug zu einem tieferen Verst\u00e4ndnis f\u00fcr Unterschiede und Gemeinsamkeiten bei. Vor allem war und ist Reisen aber immer auch eine Reise zu sich selbst.<\/span><\/p><p class=\"font_8 wixui-rich-text__text\"><span class=\"wixui-rich-text__text\">Wir sind uns dar\u00fcber bewusst, dass Reisen und Tourismus heute viele negative Auswirkungen haben k\u00f6nnen, vor allem auf Umwelt und Kultur. Es gibt jedoch auch Wege ein Land so kennenzulernen, dass dabei eine gute Balance zwischen sozialen, \u00f6konomischen und Umweltfaktoren sichergestellt wird, ohne Greenwashing zu betreiben. Unvergessliche Momente entstehen im direkten Austausch zwischen Menschen. Als Profis in diesem Sektor sind wir uns dessen bewusst und arbeiten daher als Kleinunternehmen im direkten Kontakt mit unseren Partnern und Kunden.<\/span><\/p><p class=\"font_8 wixui-rich-text__text\"><span class=\"wixui-rich-text__text\">F\u00fcr uns steht der Mensch im Mittelpunkt. Wir bringen Sie zusammen mit den lokalen Herstellern, Handwerkern, K\u00fcnstlern, Bauern und all jenen faszinierenden Pers\u00f6nlichkeiten, die einen Ort zu mehr als nur einem Reiseziel machen.<\/span><\/p>\t\t\t\t\t\t\t\t<\/div>\n\t\t\t\t<\/div>\n\t\t\t\t<\/div>\n\t\t<div class=\"elementor-element elementor-element-314b33d e-con-full e-flex e-con e-parent\" data-id=\"314b33d\" data-element_type=\"container\" data-e-type=\"container\">\n\t\t\t\t<div class=\"elementor-element elementor-element-367cb3f elementor-widget elementor-widget-text-editor\" data-id=\"367cb3f\" data-element_type=\"widget\" data-e-type=\"widget\" data-widget_type=\"text-editor.default\">\n\t\t\t\t<div class=\"elementor-widget-container\">\n\t\t\t\t\t\t\t\t\t<p class=\"font_8 wixui-rich-text__text\"><span class=\"wixui-rich-text__text\">Wir achten besonders auf die Wahl der Transportmittel f\u00fcr unsere Touren. Wir versuchen m\u00f6glichst aktive und umweltschonende Fortbewegungsarten zu nutzen. Es ist ein v\u00f6llig anderes Erlebnis, wenn man beispielsweise auf einem Pferd oder einem Fahrrad in einem andalusischen Dorf ankommt, anstatt mit dem Bus. Der \u00f6kologische Fu\u00dfabdruck soll so gering wie m\u00f6glich bleiben, deshalb arbeiten wir auch mit Partnern und Partnerinnen zusammen, die dieselben Werte teilen.<\/span><\/p><p class=\"font_8 wixui-rich-text__text\"><span class=\"wixui-rich-text__text\">Dies ist auch der Grund, warum wir ausschlie\u00dflich auf ma\u00dfgeschneiderte Touren und Standards von h\u00f6chster Qualit\u00e4t setzen. Unsere Aufgabe ist es, wie ein Kunsthandwerker, etwas Ma\u00dfgeschneidertes f\u00fcr Sie anzufertigen, und je mehr wir \u00fcber Sie wissen, desto besser k\u00f6nnen wir die Routen an Ihre W\u00fcnsche anpassen. Au\u00dferdem arbeiten wir nur mit dem besten, was das Land zu bieten hat: die besten Restaurants, Unterk\u00fcnfte, Hotels und Partner.<\/span><\/p><p class=\"font_8 wixui-rich-text__text\"><span class=\"wixui-rich-text__text\">\u201eOjal\u00e1\u201c beschreibt die Hoffnung auf etwas Sch\u00f6nes und Angenehmes - und wir machen aus dieser Hoffnung Realit\u00e4t. Unsere professionellen Erfahrungen und die vielen Reisen, die wir gemacht und organisiert haben, haben unsere Instinkte f\u00fcr das Finden dieser ganz besonderen Momente gesch\u00e4rft.<\/span><\/p>\t\t\t\t\t\t\t\t<\/div>\n\t\t\t\t<\/div>\n\t\t\t\t<\/div>\n\t\t\t\t\t<\/div>\n\t\t\t\t<\/div>\n\t\t\t\t<\/div>","protected":false},"excerpt":{"rendered":"<p>Deep Travel \u201cDeep Travel is an exhilarating state of mind that travel can evoke, when everything seems suddenly fresh, vivid, [&hellip;]<\/p>","protected":false},"author":1,"featured_media":0,"parent":0,"menu_order":0,"comment_status":"closed","ping_status":"closed","template":"","meta":{"site-sidebar-layout":"default","site-content-layout":"","ast-site-content-layout":"default","site-content-style":"default","site-sidebar-style":"default","ast-global-header-display":"","ast-banner-title-visibility":"","ast-main-header-display":"","ast-hfb-above-header-display":"","ast-hfb-below-header-display":"","ast-hfb-mobile-header-display":"","site-post-title":"","ast-breadcrumbs-content":"","ast-featured-img":"","footer-sml-layout":"","ast-disable-related-posts":"","theme-transparent-header-meta":"","adv-header-id-meta":"","stick-header-meta":"","header-above-stick-meta":"","header-main-stick-meta":"","header-below-stick-meta":"","astra-migrate-meta-layouts":"default","ast-page-background-enabled":"default","ast-page-background-meta":{"desktop":{"background-color":"var(--ast-global-color-4)","background-image":"","background-repeat":"repeat","background-position":"center center","background-size":"auto","background-attachment":"scroll","background-type":"","background-media":"","overlay-type":"","overlay-color":"","overlay-opacity":"","overlay-gradient":""},"tablet":{"background-color":"","background-image":"","background-repeat":"repeat","background-position":"center center","background-size":"auto","background-attachment":"scroll","background-type":"","background-media":"","overlay-type":"","overlay-color":"","overlay-opacity":"","overlay-gradient":""},"mobile":{"background-color":"","background-image":"","background-repeat":"repeat","background-position":"center center","background-size":"auto","background-attachment":"scroll","background-type":"","background-media":"","overlay-type":"","overlay-color":"","overlay-opacity":"","overlay-gradient":""}},"ast-content-background-meta":{"desktop":{"background-color":"var(--ast-global-color-5)","background-image":"","background-repeat":"repeat","background-position":"center center","background-size":"auto","background-attachment":"scroll","background-type":"","background-media":"","overlay-type":"","overlay-color":"","overlay-opacity":"","overlay-gradient":""},"tablet":{"background-color":"var(--ast-global-color-5)","background-image":"","background-repeat":"repeat","background-position":"center center","background-size":"auto","background-attachment":"scroll","background-type":"","background-media":"","overlay-type":"","overlay-color":"","overlay-opacity":"","overlay-gradient":""},"mobile":{"background-color":"var(--ast-global-color-5)","background-image":"","background-repeat":"repeat","background-position":"center center","background-size":"auto","background-attachment":"scroll","background-type":"","background-media":"","overlay-type":"","overlay-color":"","overlay-opacity":"","overlay-gradient":""}},"footnotes":""},"class_list":["post-34","page","type-page","status-publish","hentry"],"yoast_head":"<!-- This site is optimized with the Yoast SEO plugin v26.8 - https:\/\/yoast.com\/product\/yoast-seo-wordpress\/ -->\n<title>Deep Travel-V1 - Ojala<\/title>\n<meta name=\"robots\" content=\"index, follow, max-snippet:-1, max-image-preview:large, max-video-preview:-1\" \/>\n<link rel=\"canonical\" href=\"https:\/\/www.deeptravelspain.com\/de\/deep-travel-v1\/\" \/>\n<meta property=\"og:locale\" content=\"de_DE\" \/>\n<meta property=\"og:type\" content=\"article\" \/>\n<meta property=\"og:title\" content=\"Deep Travel-V1 - Ojala\" \/>\n<meta property=\"og:description\" content=\"Deep Travel \u201cDeep Travel is an exhilarating state of mind that travel can evoke, when everything seems suddenly fresh, vivid, [&hellip;]\" \/>\n<meta property=\"og:url\" content=\"https:\/\/www.deeptravelspain.com\/de\/deep-travel-v1\/\" \/>\n<meta property=\"og:site_name\" content=\"Ojala\" \/>\n<meta property=\"article:modified_time\" content=\"2024-08-05T08:08:52+00:00\" \/>\n<meta name=\"twitter:card\" content=\"summary_large_image\" \/>\n<meta name=\"twitter:label1\" content=\"Gesch\u00e4tzte Lesezeit\" \/>\n\t<meta name=\"twitter:data1\" content=\"2\u00a0Minuten\" \/>\n<script type=\"application\/ld+json\" class=\"yoast-schema-graph\">{\"@context\":\"https:\/\/schema.org\",\"@graph\":[{\"@type\":\"WebPage\",\"@id\":\"https:\/\/www.deeptravelspain.com\/deep-travel-v1\/\",\"url\":\"https:\/\/www.deeptravelspain.com\/deep-travel-v1\/\",\"name\":\"Deep Travel-V1 - Ojala\",\"isPartOf\":{\"@id\":\"https:\/\/www.deeptravelspain.com\/fr\/#website\"},\"datePublished\":\"2023-06-28T07:59:02+00:00\",\"dateModified\":\"2024-08-05T08:08:52+00:00\",\"breadcrumb\":{\"@id\":\"https:\/\/www.deeptravelspain.com\/deep-travel-v1\/#breadcrumb\"},\"inLanguage\":\"de-CH\",\"potentialAction\":[{\"@type\":\"ReadAction\",\"target\":[\"https:\/\/www.deeptravelspain.com\/deep-travel-v1\/\"]}]},{\"@type\":\"BreadcrumbList\",\"@id\":\"https:\/\/www.deeptravelspain.com\/deep-travel-v1\/#breadcrumb\",\"itemListElement\":[{\"@type\":\"ListItem\",\"position\":1,\"name\":\"Accueil\",\"item\":\"https:\/\/www.deeptravelspain.com\/\"},{\"@type\":\"ListItem\",\"position\":2,\"name\":\"Deep Travel-V1\"}]},{\"@type\":\"WebSite\",\"@id\":\"https:\/\/www.deeptravelspain.com\/fr\/#website\",\"url\":\"https:\/\/www.deeptravelspain.com\/fr\/\",\"name\":\"Ojala\",\"description\":\"Deep Travel Spain\",\"potentialAction\":[{\"@type\":\"SearchAction\",\"target\":{\"@type\":\"EntryPoint\",\"urlTemplate\":\"https:\/\/www.deeptravelspain.com\/fr\/?s={search_term_string}\"},\"query-input\":{\"@type\":\"PropertyValueSpecification\",\"valueRequired\":true,\"valueName\":\"search_term_string\"}}],\"inLanguage\":\"de-CH\"}]}<\/script>\n<!-- \/ Yoast SEO plugin. -->","yoast_head_json":{"title":"Deep Travel-V1 - Ojala","robots":{"index":"index","follow":"follow","max-snippet":"max-snippet:-1","max-image-preview":"max-image-preview:large","max-video-preview":"max-video-preview:-1"},"canonical":"https:\/\/www.deeptravelspain.com\/de\/deep-travel-v1\/","og_locale":"de_DE","og_type":"article","og_title":"Deep Travel-V1 - Ojala","og_description":"Deep Travel \u201cDeep Travel is an exhilarating state of mind that travel can evoke, when everything seems suddenly fresh, vivid, [&hellip;]","og_url":"https:\/\/www.deeptravelspain.com\/de\/deep-travel-v1\/","og_site_name":"Ojala","article_modified_time":"2024-08-05T08:08:52+00:00","twitter_card":"summary_large_image","twitter_misc":{"Gesch\u00e4tzte Lesezeit":"2\u00a0Minuten"},"schema":{"@context":"https:\/\/schema.org","@graph":[{"@type":"WebPage","@id":"https:\/\/www.deeptravelspain.com\/deep-travel-v1\/","url":"https:\/\/www.deeptravelspain.com\/deep-travel-v1\/","name":"Deep Travel-V1 - Ojala","isPartOf":{"@id":"https:\/\/www.deeptravelspain.com\/fr\/#website"},"datePublished":"2023-06-28T07:59:02+00:00","dateModified":"2024-08-05T08:08:52+00:00","breadcrumb":{"@id":"https:\/\/www.deeptravelspain.com\/deep-travel-v1\/#breadcrumb"},"inLanguage":"de-CH","potentialAction":[{"@type":"ReadAction","target":["https:\/\/www.deeptravelspain.com\/deep-travel-v1\/"]}]},{"@type":"BreadcrumbList","@id":"https:\/\/www.deeptravelspain.com\/deep-travel-v1\/#breadcrumb","itemListElement":[{"@type":"ListItem","position":1,"name":"Accueil","item":"https:\/\/www.deeptravelspain.com\/"},{"@type":"ListItem","position":2,"name":"Deep Travel-V1"}]},{"@type":"WebSite","@id":"https:\/\/www.deeptravelspain.com\/fr\/#website","url":"https:\/\/www.deeptravelspain.com\/fr\/","name":"Ojala","description":"Deep Travel Spain","potentialAction":[{"@type":"SearchAction","target":{"@type":"EntryPoint","urlTemplate":"https:\/\/www.deeptravelspain.com\/fr\/?s={search_term_string}"},"query-input":{"@type":"PropertyValueSpecification","valueRequired":true,"valueName":"search_term_string"}}],"inLanguage":"de-CH"}]}},"_links":{"self":[{"href":"https:\/\/www.deeptravelspain.com\/de\/wp-json\/wp\/v2\/pages\/34","targetHints":{"allow":["GET"]}}],"collection":[{"href":"https:\/\/www.deeptravelspain.com\/de\/wp-json\/wp\/v2\/pages"}],"about":[{"href":"https:\/\/www.deeptravelspain.com\/de\/wp-json\/wp\/v2\/types\/page"}],"author":[{"embeddable":true,"href":"https:\/\/www.deeptravelspain.com\/de\/wp-json\/wp\/v2\/users\/1"}],"replies":[{"embeddable":true,"href":"https:\/\/www.deeptravelspain.com\/de\/wp-json\/wp\/v2\/comments?post=34"}],"version-history":[{"count":89,"href":"https:\/\/www.deeptravelspain.com\/de\/wp-json\/wp\/v2\/pages\/34\/revisions"}],"predecessor-version":[{"id":3197,"href":"https:\/\/www.deeptravelspain.com\/de\/wp-json\/wp\/v2\/pages\/34\/revisions\/3197"}],"wp:attachment":[{"href":"https:\/\/www.deeptravelspain.com\/de\/wp-json\/wp\/v2\/media?parent=34"}],"curies":[{"name":"wp","href":"https:\/\/api.w.org\/{rel}","templated":true}]}}