{"id":32,"date":"2023-06-28T09:58:47","date_gmt":"2023-06-28T07:58:47","guid":{"rendered":"http:\/\/deeptrb.cluster027.hosting.ovh.net\/?page_id=32"},"modified":"2025-05-13T16:15:55","modified_gmt":"2025-05-13T14:15:55","slug":"who-we-are","status":"publish","type":"page","link":"https:\/\/www.deeptravelspain.com\/de\/who-we-are\/","title":{"rendered":"High-end"},"content":{"rendered":"<div data-elementor-type=\"wp-page\" data-elementor-id=\"32\" class=\"elementor elementor-32\" data-elementor-post-type=\"page\">\n\t\t\t\t<div class=\"elementor-element elementor-element-95b5ead e-con-full e-flex e-con e-parent\" data-id=\"95b5ead\" data-element_type=\"container\" data-e-type=\"container\" data-settings=\"{&quot;background_background&quot;:&quot;classic&quot;}\">\n\t\t\t\t<div class=\"elementor-element elementor-element-ec90407 elementor-invisible elementor-widget elementor-widget-heading\" data-id=\"ec90407\" data-element_type=\"widget\" data-e-type=\"widget\" data-settings=\"{&quot;_animation&quot;:&quot;fadeInUp&quot;}\" data-widget_type=\"heading.default\">\n\t\t\t\t<div class=\"elementor-widget-container\">\n\t\t\t\t\t<h1 class=\"elementor-heading-title elementor-size-default\">High-end<\/h1>\t\t\t\t<\/div>\n\t\t\t\t<\/div>\n\t\t\t\t<div class=\"elementor-element elementor-element-c0c93d8 elementor-widget-divider--view-line elementor-widget elementor-widget-divider\" data-id=\"c0c93d8\" data-element_type=\"widget\" data-e-type=\"widget\" data-widget_type=\"divider.default\">\n\t\t\t\t<div class=\"elementor-widget-container\">\n\t\t\t\t\t\t\t<div class=\"elementor-divider\">\n\t\t\t<span class=\"elementor-divider-separator\">\n\t\t\t\t\t\t<\/span>\n\t\t<\/div>\n\t\t\t\t\t\t<\/div>\n\t\t\t\t<\/div>\n\t\t\t\t<\/div>\n\t\t<div class=\"elementor-element elementor-element-a95e511 e-flex e-con-boxed e-con e-parent\" data-id=\"a95e511\" data-element_type=\"container\" data-e-type=\"container\" data-settings=\"{&quot;background_background&quot;:&quot;classic&quot;}\">\n\t\t\t\t\t<div class=\"e-con-inner\">\n\t\t<div class=\"elementor-element elementor-element-bc47e3c e-con-full e-flex e-con e-child\" data-id=\"bc47e3c\" data-element_type=\"container\" data-e-type=\"container\">\n\t\t\t\t<div class=\"elementor-element elementor-element-eab29cb elementor-widget elementor-widget-heading\" data-id=\"eab29cb\" data-element_type=\"widget\" data-e-type=\"widget\" data-widget_type=\"heading.default\">\n\t\t\t\t<div class=\"elementor-widget-container\">\n\t\t\t\t\t<h2 class=\"elementor-heading-title elementor-size-default\">WIE ALLES BEGANN<\/h2>\t\t\t\t<\/div>\n\t\t\t\t<\/div>\n\t\t\t\t<div class=\"elementor-element elementor-element-89badb7 elementor-widget elementor-widget-text-editor\" data-id=\"89badb7\" data-element_type=\"widget\" data-e-type=\"widget\" data-widget_type=\"text-editor.default\">\n\t\t\t\t<div class=\"elementor-widget-container\">\n\t\t\t\t\t\t\t\t\t<p>Zwei Freunde mit jahrelanger Reiseerfahrung (Reisef\u00fchrung, Planung, Recherche...) erkannten die Tatsache, dass fast alle Reisenden, die sie trafen, vor allem von den Begegnungen mit Menschen auf ihren Reisen bewegt waren. Die Magie des Augenblicks entsteht, wenn einen das, was man sieht ber\u00fchrt, und man es mit anderen teilen kann. Und das ist die Kunst des Reisens: Momente so zu gestalten, dass in ihnen wahre Authentizit\u00e4t entstehen kann.<\/p>\n<p>Wahrer Luxus liegt darin, einen Raum f\u00fcr Begegnungen zu schaffen. M\u00fcde geworden von einer Maschinerie, in der solche Momente keinen Platz haben, entschlossen die beiden Freunde, ein eigenes Unternehmen zu gr\u00fcnden. Sie lie\u00dfen ihr Wissen einflie\u00dfen und erschufen ein Netzwerk an wundervollen Menschen, die sie \u00fcber die Jahre kennengelernt haben.<\/p>\t\t\t\t\t\t\t\t<\/div>\n\t\t\t\t<\/div>\n\t\t\t\t<\/div>\n\t\t<div class=\"elementor-element elementor-element-c2b1bda e-con-full e-flex e-con e-child\" data-id=\"c2b1bda\" data-element_type=\"container\" data-e-type=\"container\">\n\t\t<div class=\"elementor-element elementor-element-ba4b584 elementor-hidden-desktop e-flex e-con-boxed e-con e-child\" data-id=\"ba4b584\" data-element_type=\"container\" data-e-type=\"container\">\n\t\t\t\t\t<div class=\"e-con-inner\">\n\t\t\t\t\t<\/div>\n\t\t\t\t<\/div>\n\t\t\t\t<div class=\"elementor-element elementor-element-a7e3197 elementor-widget elementor-widget-text-editor\" data-id=\"a7e3197\" data-element_type=\"widget\" data-e-type=\"widget\" data-widget_type=\"text-editor.default\">\n\t\t\t\t<div class=\"elementor-widget-container\">\n\t\t\t\t\t\t\t\t\t<p class=\"font_8 wixui-rich-text__text\"><span class=\"wixui-rich-text__text\">Die zwei jungen M\u00e4nner haben ihre Jobs gek\u00fcndigt und monatelang an ihrem Unternehmen gearbeitet, einen Businessplan erstellt, Partner kontaktiert, das ganze Land bereist, im Auto, Zelt oder unter freiem Himmel \u00fcbernachtet und all ihre Ideen wie ein Puzzle St\u00fcck f\u00fcr St\u00fcck zusammengef\u00fchrt. Sie haben die besten Reiserouten, Hotels, Omas Tortillas und Weinbauern versammelt und Ojal\u00e1 gegr\u00fcndet!\n\n\u200b<\/span><\/p><p class=\"font_8 wixui-rich-text__text\"><span class=\"wixui-rich-text__text\">Ojal\u00e0! Ein Wort voll Freude und Hoffnung, das in Spanien oft verwendet wird und perfekt die Vision von Dylan und S\u00e9bastien verk\u00f6rpert. Ihr Ziel und ihre Mission sind es, als Kunsthandwerker solche Reisen zu gestalten, die die Erwartungen von Reisenden mehr als \u00fcbertreffen und dabei auch einen positiven Effekt auf die lokale Wirtschaft haben.<\/span><\/p>\t\t\t\t\t\t\t\t<\/div>\n\t\t\t\t<\/div>\n\t\t\t\t<div class=\"elementor-element elementor-element-7d1cdc9 elementor-hidden-desktop elementor-widget elementor-widget-image\" data-id=\"7d1cdc9\" data-element_type=\"widget\" data-e-type=\"widget\" data-widget_type=\"image.default\">\n\t\t\t\t<div class=\"elementor-widget-container\">\n\t\t\t\t\t\t\t\t\t\t\t\t\t\t\t\t<a href=\"#elementor-action%3Aaction%3Dpopup%3Aopen%26settings%3DeyJpZCI6Ijg0NSIsInRvZ2dsZSI6ZmFsc2V9\">\n\t\t\t\t\t\t\t<img fetchpriority=\"high\" decoding=\"async\" width=\"1024\" height=\"682\" src=\"https:\/\/www.deeptravelspain.com\/wp-content\/uploads\/2023\/06\/f26aaf_7b411bc1d22446e9876692d3de936fbemv2-1-1024x682.webp\" class=\"attachment-large size-large wp-image-436\" alt=\"\" srcset=\"https:\/\/www.deeptravelspain.com\/wp-content\/uploads\/2023\/06\/f26aaf_7b411bc1d22446e9876692d3de936fbemv2-1-1024x682.webp 1024w, https:\/\/www.deeptravelspain.com\/wp-content\/uploads\/2023\/06\/f26aaf_7b411bc1d22446e9876692d3de936fbemv2-1-300x200.webp 300w, https:\/\/www.deeptravelspain.com\/wp-content\/uploads\/2023\/06\/f26aaf_7b411bc1d22446e9876692d3de936fbemv2-1-768x512.webp 768w, https:\/\/www.deeptravelspain.com\/wp-content\/uploads\/2023\/06\/f26aaf_7b411bc1d22446e9876692d3de936fbemv2-1-1536x1023.webp 1536w, https:\/\/www.deeptravelspain.com\/wp-content\/uploads\/2023\/06\/f26aaf_7b411bc1d22446e9876692d3de936fbemv2-1-18x12.webp 18w, https:\/\/www.deeptravelspain.com\/wp-content\/uploads\/2023\/06\/f26aaf_7b411bc1d22446e9876692d3de936fbemv2-1.webp 1612w\" sizes=\"(max-width: 1024px) 100vw, 1024px\" \/>\t\t\t\t\t\t\t\t<\/a>\n\t\t\t\t\t\t\t\t\t\t\t\t\t\t\t<\/div>\n\t\t\t\t<\/div>\n\t\t\t\t<div class=\"elementor-element elementor-element-3acea9f elementor-hidden-desktop elementor-widget elementor-widget-heading\" data-id=\"3acea9f\" data-element_type=\"widget\" data-e-type=\"widget\" data-widget_type=\"heading.default\">\n\t\t\t\t<div class=\"elementor-widget-container\">\n\t\t\t\t\t<h2 class=\"elementor-heading-title elementor-size-default\">Sebastian Lalmand- Mitbegr\u00fcnder<\/h2>\t\t\t\t<\/div>\n\t\t\t\t<\/div>\n\t\t<div class=\"elementor-element elementor-element-ce29e23 e-flex e-con-boxed e-con e-child\" data-id=\"ce29e23\" data-element_type=\"container\" data-e-type=\"container\">\n\t\t\t\t\t<div class=\"e-con-inner\">\n\t\t<div class=\"elementor-element elementor-element-899b282 elementor-hidden-desktop e-flex e-con-boxed e-con e-child\" data-id=\"899b282\" data-element_type=\"container\" data-e-type=\"container\">\n\t\t\t\t\t<div class=\"e-con-inner\">\n\t\t\t\t<div class=\"elementor-element elementor-element-5b87763 elementor-widget elementor-widget-image\" data-id=\"5b87763\" data-element_type=\"widget\" data-e-type=\"widget\" data-widget_type=\"image.default\">\n\t\t\t\t<div class=\"elementor-widget-container\">\n\t\t\t\t\t\t\t\t\t\t\t\t\t\t\t\t<a href=\"#elementor-action%3Aaction%3Dpopup%3Aopen%26settings%3DeyJpZCI6Ijg0NSIsInRvZ2dsZSI6ZmFsc2V9\">\n\t\t\t\t\t\t\t<img decoding=\"async\" width=\"1024\" height=\"682\" src=\"https:\/\/www.deeptravelspain.com\/wp-content\/uploads\/2023\/06\/f26aaf_51eb3298003a426ab261c0378227790cmv2-1024x682.webp\" class=\"attachment-large size-large wp-image-435\" alt=\"\" srcset=\"https:\/\/www.deeptravelspain.com\/wp-content\/uploads\/2023\/06\/f26aaf_51eb3298003a426ab261c0378227790cmv2-1024x682.webp 1024w, https:\/\/www.deeptravelspain.com\/wp-content\/uploads\/2023\/06\/f26aaf_51eb3298003a426ab261c0378227790cmv2-300x200.webp 300w, https:\/\/www.deeptravelspain.com\/wp-content\/uploads\/2023\/06\/f26aaf_51eb3298003a426ab261c0378227790cmv2-768x512.webp 768w, https:\/\/www.deeptravelspain.com\/wp-content\/uploads\/2023\/06\/f26aaf_51eb3298003a426ab261c0378227790cmv2-1536x1023.webp 1536w, https:\/\/www.deeptravelspain.com\/wp-content\/uploads\/2023\/06\/f26aaf_51eb3298003a426ab261c0378227790cmv2-18x12.webp 18w, https:\/\/www.deeptravelspain.com\/wp-content\/uploads\/2023\/06\/f26aaf_51eb3298003a426ab261c0378227790cmv2.webp 1612w\" sizes=\"(max-width: 1024px) 100vw, 1024px\" \/>\t\t\t\t\t\t\t\t<\/a>\n\t\t\t\t\t\t\t\t\t\t\t\t\t\t\t<\/div>\n\t\t\t\t<\/div>\n\t\t\t\t<div class=\"elementor-element elementor-element-bc7b1a0 elementor-widget elementor-widget-heading\" data-id=\"bc7b1a0\" data-element_type=\"widget\" data-e-type=\"widget\" data-widget_type=\"heading.default\">\n\t\t\t\t<div class=\"elementor-widget-container\">\n\t\t\t\t\t<h2 class=\"elementor-heading-title elementor-size-default\">Dylan Bulter - Mitbegr\u00fcnder<\/h2>\t\t\t\t<\/div>\n\t\t\t\t<\/div>\n\t\t\t\t\t<\/div>\n\t\t\t\t<\/div>\n\t\t\t\t\t<\/div>\n\t\t\t\t<\/div>\n\t\t\t\t<\/div>\n\t\t\t\t\t<\/div>\n\t\t\t\t<\/div>\n\t\t<div class=\"elementor-element elementor-element-58186f7 elementor-hidden-mobile e-flex e-con-boxed e-con e-parent\" data-id=\"58186f7\" data-element_type=\"container\" data-e-type=\"container\" data-settings=\"{&quot;background_background&quot;:&quot;classic&quot;}\">\n\t\t\t\t\t<div class=\"e-con-inner\">\n\t\t<div class=\"elementor-element elementor-element-54b43e1 e-con-full e-flex e-con e-child\" data-id=\"54b43e1\" data-element_type=\"container\" data-e-type=\"container\">\n\t\t\t\t<div class=\"elementor-element elementor-element-f8beae0 elementor-widget elementor-widget-image\" data-id=\"f8beae0\" data-element_type=\"widget\" data-e-type=\"widget\" data-widget_type=\"image.default\">\n\t\t\t\t<div class=\"elementor-widget-container\">\n\t\t\t\t\t\t\t\t\t\t\t\t\t\t\t\t<a href=\"#elementor-action%3Aaction%3Dpopup%3Aopen%26settings%3DeyJpZCI6Ijg0NSIsInRvZ2dsZSI6ZmFsc2V9\">\n\t\t\t\t\t\t\t<img decoding=\"async\" width=\"1024\" height=\"682\" src=\"https:\/\/www.deeptravelspain.com\/wp-content\/uploads\/2023\/06\/f26aaf_51eb3298003a426ab261c0378227790cmv2-1024x682.webp\" class=\"attachment-large size-large wp-image-435\" alt=\"\" srcset=\"https:\/\/www.deeptravelspain.com\/wp-content\/uploads\/2023\/06\/f26aaf_51eb3298003a426ab261c0378227790cmv2-1024x682.webp 1024w, https:\/\/www.deeptravelspain.com\/wp-content\/uploads\/2023\/06\/f26aaf_51eb3298003a426ab261c0378227790cmv2-300x200.webp 300w, https:\/\/www.deeptravelspain.com\/wp-content\/uploads\/2023\/06\/f26aaf_51eb3298003a426ab261c0378227790cmv2-768x512.webp 768w, https:\/\/www.deeptravelspain.com\/wp-content\/uploads\/2023\/06\/f26aaf_51eb3298003a426ab261c0378227790cmv2-1536x1023.webp 1536w, https:\/\/www.deeptravelspain.com\/wp-content\/uploads\/2023\/06\/f26aaf_51eb3298003a426ab261c0378227790cmv2-18x12.webp 18w, https:\/\/www.deeptravelspain.com\/wp-content\/uploads\/2023\/06\/f26aaf_51eb3298003a426ab261c0378227790cmv2.webp 1612w\" sizes=\"(max-width: 1024px) 100vw, 1024px\" \/>\t\t\t\t\t\t\t\t<\/a>\n\t\t\t\t\t\t\t\t\t\t\t\t\t\t\t<\/div>\n\t\t\t\t<\/div>\n\t\t\t\t<div class=\"elementor-element elementor-element-1ada766 elementor-widget elementor-widget-heading\" data-id=\"1ada766\" data-element_type=\"widget\" data-e-type=\"widget\" data-widget_type=\"heading.default\">\n\t\t\t\t<div class=\"elementor-widget-container\">\n\t\t\t\t\t<h2 class=\"elementor-heading-title elementor-size-default\">Dylan Bulter - Mitbegr\u00fcnder<\/h2>\t\t\t\t<\/div>\n\t\t\t\t<\/div>\n\t\t\t\t<\/div>\n\t\t<div class=\"elementor-element elementor-element-0be5020 e-con-full e-flex e-con e-child\" data-id=\"0be5020\" data-element_type=\"container\" data-e-type=\"container\">\n\t\t\t\t<div class=\"elementor-element elementor-element-584e885 elementor-widget elementor-widget-image\" data-id=\"584e885\" data-element_type=\"widget\" data-e-type=\"widget\" data-widget_type=\"image.default\">\n\t\t\t\t<div class=\"elementor-widget-container\">\n\t\t\t\t\t\t\t\t\t\t\t\t\t\t\t\t<a href=\"#elementor-action%3Aaction%3Dpopup%3Aopen%26settings%3DeyJpZCI6Ijc4NCIsInRvZ2dsZSI6ZmFsc2V9\">\n\t\t\t\t\t\t\t<img decoding=\"async\" width=\"1024\" height=\"682\" src=\"https:\/\/www.deeptravelspain.com\/wp-content\/uploads\/2023\/06\/f26aaf_7b411bc1d22446e9876692d3de936fbemv2.webp\" class=\"attachment-large size-large wp-image-434\" alt=\"\" \/>\t\t\t\t\t\t\t\t<\/a>\n\t\t\t\t\t\t\t\t\t\t\t\t\t\t\t<\/div>\n\t\t\t\t<\/div>\n\t\t\t\t<div class=\"elementor-element elementor-element-9e0ab3b elementor-widget elementor-widget-heading\" data-id=\"9e0ab3b\" data-element_type=\"widget\" data-e-type=\"widget\" data-widget_type=\"heading.default\">\n\t\t\t\t<div class=\"elementor-widget-container\">\n\t\t\t\t\t<h2 class=\"elementor-heading-title elementor-size-default\">Sebastian Lalmand- Mitbegr\u00fcnder<\/h2>\t\t\t\t<\/div>\n\t\t\t\t<\/div>\n\t\t\t\t<\/div>\n\t\t\t\t\t<\/div>\n\t\t\t\t<\/div>\n\t\t\t\t<\/div>","protected":false},"excerpt":{"rendered":"<p>Who we are How it started Two friends with years of travel experience between them (guiding, trip planning, researching&#8230;) dawned [&hellip;]<\/p>","protected":false},"author":1,"featured_media":0,"parent":0,"menu_order":0,"comment_status":"closed","ping_status":"closed","template":"elementor_header_footer","meta":{"site-sidebar-layout":"default","site-content-layout":"","ast-site-content-layout":"default","site-content-style":"default","site-sidebar-style":"default","ast-global-header-display":"","ast-banner-title-visibility":"","ast-main-header-display":"","ast-hfb-above-header-display":"","ast-hfb-below-header-display":"","ast-hfb-mobile-header-display":"","site-post-title":"","ast-breadcrumbs-content":"","ast-featured-img":"","footer-sml-layout":"","ast-disable-related-posts":"","theme-transparent-header-meta":"","adv-header-id-meta":"","stick-header-meta":"","header-above-stick-meta":"","header-main-stick-meta":"","header-below-stick-meta":"","astra-migrate-meta-layouts":"default","ast-page-background-enabled":"default","ast-page-background-meta":{"desktop":{"background-color":"var(--ast-global-color-4)","background-image":"","background-repeat":"repeat","background-position":"center center","background-size":"auto","background-attachment":"scroll","background-type":"","background-media":"","overlay-type":"","overlay-color":"","overlay-opacity":"","overlay-gradient":""},"tablet":{"background-color":"","background-image":"","background-repeat":"repeat","background-position":"center center","background-size":"auto","background-attachment":"scroll","background-type":"","background-media":"","overlay-type":"","overlay-color":"","overlay-opacity":"","overlay-gradient":""},"mobile":{"background-color":"","background-image":"","background-repeat":"repeat","background-position":"center center","background-size":"auto","background-attachment":"scroll","background-type":"","background-media":"","overlay-type":"","overlay-color":"","overlay-opacity":"","overlay-gradient":""}},"ast-content-background-meta":{"desktop":{"background-color":"var(--ast-global-color-5)","background-image":"","background-repeat":"repeat","background-position":"center center","background-size":"auto","background-attachment":"scroll","background-type":"","background-media":"","overlay-type":"","overlay-color":"","overlay-opacity":"","overlay-gradient":""},"tablet":{"background-color":"var(--ast-global-color-5)","background-image":"","background-repeat":"repeat","background-position":"center center","background-size":"auto","background-attachment":"scroll","background-type":"","background-media":"","overlay-type":"","overlay-color":"","overlay-opacity":"","overlay-gradient":""},"mobile":{"background-color":"var(--ast-global-color-5)","background-image":"","background-repeat":"repeat","background-position":"center center","background-size":"auto","background-attachment":"scroll","background-type":"","background-media":"","overlay-type":"","overlay-color":"","overlay-opacity":"","overlay-gradient":""}},"footnotes":""},"class_list":["post-32","page","type-page","status-publish","hentry"],"yoast_head":"<!-- This site is optimized with the Yoast SEO plugin v26.8 - https:\/\/yoast.com\/product\/yoast-seo-wordpress\/ -->\n<title>Who we are - Ojala<\/title>\n<meta name=\"robots\" content=\"index, follow, max-snippet:-1, max-image-preview:large, max-video-preview:-1\" \/>\n<link rel=\"canonical\" href=\"https:\/\/www.deeptravelspain.com\/de\/who-we-are\/\" \/>\n<meta property=\"og:locale\" content=\"de_DE\" \/>\n<meta property=\"og:type\" content=\"article\" \/>\n<meta property=\"og:title\" content=\"Who we are - Ojala\" \/>\n<meta property=\"og:description\" content=\"Who we are How it started Two friends with years of travel experience between them (guiding, trip planning, researching&#8230;) dawned [&hellip;]\" \/>\n<meta property=\"og:url\" content=\"https:\/\/www.deeptravelspain.com\/de\/who-we-are\/\" \/>\n<meta property=\"og:site_name\" content=\"Ojala\" \/>\n<meta property=\"article:modified_time\" content=\"2025-05-13T14:15:55+00:00\" \/>\n<meta property=\"og:image\" content=\"https:\/\/www.deeptravelspain.com\/wp-content\/uploads\/2023\/06\/f26aaf_7b411bc1d22446e9876692d3de936fbemv2-1.webp\" \/>\n\t<meta property=\"og:image:width\" content=\"1612\" \/>\n\t<meta property=\"og:image:height\" content=\"1074\" \/>\n\t<meta property=\"og:image:type\" content=\"image\/webp\" \/>\n<meta name=\"twitter:card\" content=\"summary_large_image\" \/>\n<meta name=\"twitter:label1\" content=\"Gesch\u00e4tzte Lesezeit\" \/>\n\t<meta name=\"twitter:data1\" content=\"3\u00a0Minuten\" \/>\n<script type=\"application\/ld+json\" class=\"yoast-schema-graph\">{\"@context\":\"https:\/\/schema.org\",\"@graph\":[{\"@type\":\"WebPage\",\"@id\":\"https:\/\/www.deeptravelspain.com\/who-we-are\/\",\"url\":\"https:\/\/www.deeptravelspain.com\/who-we-are\/\",\"name\":\"Who we are - Ojala\",\"isPartOf\":{\"@id\":\"https:\/\/www.deeptravelspain.com\/fr\/#website\"},\"primaryImageOfPage\":{\"@id\":\"https:\/\/www.deeptravelspain.com\/who-we-are\/#primaryimage\"},\"image\":{\"@id\":\"https:\/\/www.deeptravelspain.com\/who-we-are\/#primaryimage\"},\"thumbnailUrl\":\"https:\/\/www.deeptravelspain.com\/wp-content\/uploads\/2023\/06\/f26aaf_7b411bc1d22446e9876692d3de936fbemv2-1-1024x682.webp\",\"datePublished\":\"2023-06-28T07:58:47+00:00\",\"dateModified\":\"2025-05-13T14:15:55+00:00\",\"breadcrumb\":{\"@id\":\"https:\/\/www.deeptravelspain.com\/who-we-are\/#breadcrumb\"},\"inLanguage\":\"de-CH\",\"potentialAction\":[{\"@type\":\"ReadAction\",\"target\":[\"https:\/\/www.deeptravelspain.com\/who-we-are\/\"]}]},{\"@type\":\"ImageObject\",\"inLanguage\":\"de-CH\",\"@id\":\"https:\/\/www.deeptravelspain.com\/who-we-are\/#primaryimage\",\"url\":\"https:\/\/www.deeptravelspain.com\/wp-content\/uploads\/2023\/06\/f26aaf_7b411bc1d22446e9876692d3de936fbemv2-1-1024x682.webp\",\"contentUrl\":\"https:\/\/www.deeptravelspain.com\/wp-content\/uploads\/2023\/06\/f26aaf_7b411bc1d22446e9876692d3de936fbemv2-1-1024x682.webp\"},{\"@type\":\"BreadcrumbList\",\"@id\":\"https:\/\/www.deeptravelspain.com\/who-we-are\/#breadcrumb\",\"itemListElement\":[{\"@type\":\"ListItem\",\"position\":1,\"name\":\"Accueil\",\"item\":\"https:\/\/www.deeptravelspain.com\/\"},{\"@type\":\"ListItem\",\"position\":2,\"name\":\"Who we are\"}]},{\"@type\":\"WebSite\",\"@id\":\"https:\/\/www.deeptravelspain.com\/fr\/#website\",\"url\":\"https:\/\/www.deeptravelspain.com\/fr\/\",\"name\":\"Ojala\",\"description\":\"Deep Travel Spain\",\"potentialAction\":[{\"@type\":\"SearchAction\",\"target\":{\"@type\":\"EntryPoint\",\"urlTemplate\":\"https:\/\/www.deeptravelspain.com\/fr\/?s={search_term_string}\"},\"query-input\":{\"@type\":\"PropertyValueSpecification\",\"valueRequired\":true,\"valueName\":\"search_term_string\"}}],\"inLanguage\":\"de-CH\"}]}<\/script>\n<!-- \/ Yoast SEO plugin. -->","yoast_head_json":{"title":"Who we are - Ojala","robots":{"index":"index","follow":"follow","max-snippet":"max-snippet:-1","max-image-preview":"max-image-preview:large","max-video-preview":"max-video-preview:-1"},"canonical":"https:\/\/www.deeptravelspain.com\/de\/who-we-are\/","og_locale":"de_DE","og_type":"article","og_title":"Who we are - Ojala","og_description":"Who we are How it started Two friends with years of travel experience between them (guiding, trip planning, researching&#8230;) dawned [&hellip;]","og_url":"https:\/\/www.deeptravelspain.com\/de\/who-we-are\/","og_site_name":"Ojala","article_modified_time":"2025-05-13T14:15:55+00:00","og_image":[{"width":1612,"height":1074,"url":"https:\/\/www.deeptravelspain.com\/wp-content\/uploads\/2023\/06\/f26aaf_7b411bc1d22446e9876692d3de936fbemv2-1.webp","type":"image\/webp"}],"twitter_card":"summary_large_image","twitter_misc":{"Gesch\u00e4tzte Lesezeit":"3\u00a0Minuten"},"schema":{"@context":"https:\/\/schema.org","@graph":[{"@type":"WebPage","@id":"https:\/\/www.deeptravelspain.com\/who-we-are\/","url":"https:\/\/www.deeptravelspain.com\/who-we-are\/","name":"Who we are - Ojala","isPartOf":{"@id":"https:\/\/www.deeptravelspain.com\/fr\/#website"},"primaryImageOfPage":{"@id":"https:\/\/www.deeptravelspain.com\/who-we-are\/#primaryimage"},"image":{"@id":"https:\/\/www.deeptravelspain.com\/who-we-are\/#primaryimage"},"thumbnailUrl":"https:\/\/www.deeptravelspain.com\/wp-content\/uploads\/2023\/06\/f26aaf_7b411bc1d22446e9876692d3de936fbemv2-1-1024x682.webp","datePublished":"2023-06-28T07:58:47+00:00","dateModified":"2025-05-13T14:15:55+00:00","breadcrumb":{"@id":"https:\/\/www.deeptravelspain.com\/who-we-are\/#breadcrumb"},"inLanguage":"de-CH","potentialAction":[{"@type":"ReadAction","target":["https:\/\/www.deeptravelspain.com\/who-we-are\/"]}]},{"@type":"ImageObject","inLanguage":"de-CH","@id":"https:\/\/www.deeptravelspain.com\/who-we-are\/#primaryimage","url":"https:\/\/www.deeptravelspain.com\/wp-content\/uploads\/2023\/06\/f26aaf_7b411bc1d22446e9876692d3de936fbemv2-1-1024x682.webp","contentUrl":"https:\/\/www.deeptravelspain.com\/wp-content\/uploads\/2023\/06\/f26aaf_7b411bc1d22446e9876692d3de936fbemv2-1-1024x682.webp"},{"@type":"BreadcrumbList","@id":"https:\/\/www.deeptravelspain.com\/who-we-are\/#breadcrumb","itemListElement":[{"@type":"ListItem","position":1,"name":"Accueil","item":"https:\/\/www.deeptravelspain.com\/"},{"@type":"ListItem","position":2,"name":"Who we are"}]},{"@type":"WebSite","@id":"https:\/\/www.deeptravelspain.com\/fr\/#website","url":"https:\/\/www.deeptravelspain.com\/fr\/","name":"Ojala","description":"Deep Travel Spain","potentialAction":[{"@type":"SearchAction","target":{"@type":"EntryPoint","urlTemplate":"https:\/\/www.deeptravelspain.com\/fr\/?s={search_term_string}"},"query-input":{"@type":"PropertyValueSpecification","valueRequired":true,"valueName":"search_term_string"}}],"inLanguage":"de-CH"}]}},"_links":{"self":[{"href":"https:\/\/www.deeptravelspain.com\/de\/wp-json\/wp\/v2\/pages\/32","targetHints":{"allow":["GET"]}}],"collection":[{"href":"https:\/\/www.deeptravelspain.com\/de\/wp-json\/wp\/v2\/pages"}],"about":[{"href":"https:\/\/www.deeptravelspain.com\/de\/wp-json\/wp\/v2\/types\/page"}],"author":[{"embeddable":true,"href":"https:\/\/www.deeptravelspain.com\/de\/wp-json\/wp\/v2\/users\/1"}],"replies":[{"embeddable":true,"href":"https:\/\/www.deeptravelspain.com\/de\/wp-json\/wp\/v2\/comments?post=32"}],"version-history":[{"count":217,"href":"https:\/\/www.deeptravelspain.com\/de\/wp-json\/wp\/v2\/pages\/32\/revisions"}],"predecessor-version":[{"id":3286,"href":"https:\/\/www.deeptravelspain.com\/de\/wp-json\/wp\/v2\/pages\/32\/revisions\/3286"}],"wp:attachment":[{"href":"https:\/\/www.deeptravelspain.com\/de\/wp-json\/wp\/v2\/media?parent=32"}],"curies":[{"name":"wp","href":"https:\/\/api.w.org\/{rel}","templated":true}]}}