{"id":1994,"date":"2023-08-09T16:18:54","date_gmt":"2023-08-09T14:18:54","guid":{"rendered":"https:\/\/www.deeptravelspain.com\/?page_id=1994"},"modified":"2025-05-13T16:32:51","modified_gmt":"2025-05-13T14:32:51","slug":"basque-country","status":"publish","type":"page","link":"https:\/\/www.deeptravelspain.com\/de\/basque-country\/","title":{"rendered":"Basque country"},"content":{"rendered":"<div data-elementor-type=\"wp-page\" data-elementor-id=\"1994\" class=\"elementor elementor-1994\" data-elementor-post-type=\"page\">\n\t\t\t\t<div class=\"elementor-element elementor-element-c38fc52 e-flex e-con-boxed e-con e-parent\" data-id=\"c38fc52\" data-element_type=\"container\" data-e-type=\"container\" data-settings=\"{&quot;background_background&quot;:&quot;classic&quot;}\">\n\t\t\t\t\t<div class=\"e-con-inner\">\n\t\t\t\t<div class=\"elementor-element elementor-element-fcbe2ff elementor-mobile-align-left elementor-invisible elementor-widget elementor-widget-button\" data-id=\"fcbe2ff\" data-element_type=\"widget\" data-e-type=\"widget\" data-settings=\"{&quot;_animation&quot;:&quot;fadeInUp&quot;}\" data-widget_type=\"button.default\">\n\t\t\t\t<div class=\"elementor-widget-container\">\n\t\t\t\t\t\t\t\t\t<div class=\"elementor-button-wrapper\">\n\t\t\t\t\t<a class=\"elementor-button elementor-button-link elementor-size-xs elementor-animation-grow\" href=\"https:\/\/www.deeptravelspain.com\/de\/destinations\/\">\n\t\t\t\t\t\t<span class=\"elementor-button-content-wrapper\">\n\t\t\t\t\t\t\t\t\t<span class=\"elementor-button-text\">Back to map<\/span>\n\t\t\t\t\t<\/span>\n\t\t\t\t\t<\/a>\n\t\t\t\t<\/div>\n\t\t\t\t\t\t\t\t<\/div>\n\t\t\t\t<\/div>\n\t\t\t\t<div class=\"elementor-element elementor-element-24c6cdd elementor-widget elementor-widget-image\" data-id=\"24c6cdd\" data-element_type=\"widget\" data-e-type=\"widget\" data-widget_type=\"image.default\">\n\t\t\t\t<div class=\"elementor-widget-container\">\n\t\t\t\t\t\t\t\t\t\t\t\t\t\t\t<img fetchpriority=\"high\" decoding=\"async\" width=\"5286\" height=\"1842\" src=\"https:\/\/www.deeptravelspain.com\/wp-content\/uploads\/2023\/07\/basquecountry-picture.png\" class=\"attachment-full size-full wp-image-1375\" alt=\"\" srcset=\"https:\/\/www.deeptravelspain.com\/wp-content\/uploads\/2023\/07\/basquecountry-picture.png 5286w, https:\/\/www.deeptravelspain.com\/wp-content\/uploads\/2023\/07\/basquecountry-picture-300x105.png 300w, https:\/\/www.deeptravelspain.com\/wp-content\/uploads\/2023\/07\/basquecountry-picture-1024x357.png 1024w, https:\/\/www.deeptravelspain.com\/wp-content\/uploads\/2023\/07\/basquecountry-picture-768x268.png 768w, https:\/\/www.deeptravelspain.com\/wp-content\/uploads\/2023\/07\/basquecountry-picture-1536x535.png 1536w, https:\/\/www.deeptravelspain.com\/wp-content\/uploads\/2023\/07\/basquecountry-picture-2048x714.png 2048w, https:\/\/www.deeptravelspain.com\/wp-content\/uploads\/2023\/07\/basquecountry-picture-18x6.png 18w\" sizes=\"(max-width: 5286px) 100vw, 5286px\" \/>\t\t\t\t\t\t\t\t\t\t\t\t\t\t\t<\/div>\n\t\t\t\t<\/div>\n\t\t\t\t\t<\/div>\n\t\t\t\t<\/div>\n\t\t<div class=\"elementor-element elementor-element-2c045a3 e-flex e-con-boxed e-con e-parent\" data-id=\"2c045a3\" data-element_type=\"container\" data-e-type=\"container\">\n\t\t\t\t\t<div class=\"e-con-inner\">\n\t\t\t\t<div class=\"elementor-element elementor-element-ee8954b elementor-invisible elementor-widget elementor-widget-heading\" data-id=\"ee8954b\" data-element_type=\"widget\" data-e-type=\"widget\" data-settings=\"{&quot;_animation&quot;:&quot;fadeInUp&quot;}\" data-widget_type=\"heading.default\">\n\t\t\t\t<div class=\"elementor-widget-container\">\n\t\t\t\t\t<h1 class=\"elementor-heading-title elementor-size-default\">BASQUE COUNTRY<\/h1>\t\t\t\t<\/div>\n\t\t\t\t<\/div>\n\t\t\t\t\t<\/div>\n\t\t\t\t<\/div>\n\t\t<div class=\"elementor-element elementor-element-c6d0f67 e-flex e-con-boxed e-con e-parent\" data-id=\"c6d0f67\" data-element_type=\"container\" data-e-type=\"container\">\n\t\t\t\t\t<div class=\"e-con-inner\">\n\t\t<div class=\"elementor-element elementor-element-458b452 e-con-full e-flex e-con e-child\" data-id=\"458b452\" data-element_type=\"container\" data-e-type=\"container\">\n\t\t\t\t<div class=\"elementor-element elementor-element-f2cf92e elementor-widget elementor-widget-text-editor\" data-id=\"f2cf92e\" data-element_type=\"widget\" data-e-type=\"widget\" data-widget_type=\"text-editor.default\">\n\t\t\t\t<div class=\"elementor-widget-container\">\n\t\t\t\t\t\t\t\t\t<p class=\"font_8 wixui-rich-text__text\"><span class=\"wixui-rich-text__text\">Europas \u00e4lteste Kulturen, Sprachen und Traditionen liegen im Baskenland - nicht einmal den R\u00f6mern ist es gelungen, es zu kolonisieren. Es liegt etwas ganz Besonderes in dieser Landschaft, das sie einzigartig und zugleich universell macht. \u201eEuskal Herria\u201c hat so viele Facetten, dass es fast unm\u00f6glich ist, sie alle zu entdecken.<\/span><\/p><p class=\"font_8 wixui-rich-text__text\"><span class=\"wixui-rich-text__text\">Die kulinarische Tradition ist nicht nur omnipr\u00e4sent, sondern steht auch auf einem so hohen Level, dass die Region heute die gr\u00f6\u00dfte Dichte an Restaurants mit Michelin-Stern-Auszeichnung der ganzen Welt aufweist (aus diesem Grund wird sie manchmal auch \u201edie Milchstra\u00dfe\u201c genannt). Hier liegt auch eine der besten Weinregionen der Welt: La Rioja Alavesa. Au\u00dferdem haben St\u00e4dte wie Bilbao mit ihrer m\u00e4chtigen Eisenindustrie einige der weltbesten zeitgen\u00f6ssischen Bildhauer hervorgebracht. Und es ist kein Zufall, dass sich das ber\u00fchmte Guggenheim Museum in Bilbao befindet.<\/span><\/p><p class=\"font_8 wixui-rich-text__text\"><span class=\"wixui-rich-text__text\">Die ma\u00dfgeschneiderte Tour f\u00fchrt Sie zu einigen der au\u00dfergew\u00f6hnlichen Menschen, die diese Landschaft formen, besingen, bemalen und weiterentwickeln. Wir werden Sie in Ihren Werkst\u00e4tten oder an Ihren Wohnorten besuchen, werden mit Ihnen Ausfl\u00fcge zu Pferd, Wanderungen oder Segelt\u00f6rns machen. Die Chancen stehen gut, dass Sie kein Wort von Euskera, der baskischen Sprache, verstehen werden, aber Sie werden sich hier ganz gewiss zuhause f\u00fchlen.<\/span><\/p>\t\t\t\t\t\t\t\t<\/div>\n\t\t\t\t<\/div>\n\t\t\t\t<\/div>\n\t\t<div class=\"elementor-element elementor-element-3c91de1 e-con-full e-flex e-con e-child\" data-id=\"3c91de1\" data-element_type=\"container\" data-e-type=\"container\">\n\t\t\t\t<div class=\"elementor-element elementor-element-212ecff elementor-widget elementor-widget-gallery\" data-id=\"212ecff\" data-element_type=\"widget\" data-e-type=\"widget\" data-settings=\"{&quot;columns&quot;:3,&quot;gap&quot;:{&quot;unit&quot;:&quot;px&quot;,&quot;size&quot;:15,&quot;sizes&quot;:[]},&quot;aspect_ratio&quot;:&quot;1:1&quot;,&quot;lazyload&quot;:&quot;yes&quot;,&quot;gallery_layout&quot;:&quot;grid&quot;,&quot;columns_tablet&quot;:2,&quot;columns_mobile&quot;:1,&quot;gap_tablet&quot;:{&quot;unit&quot;:&quot;px&quot;,&quot;size&quot;:10,&quot;sizes&quot;:[]},&quot;gap_mobile&quot;:{&quot;unit&quot;:&quot;px&quot;,&quot;size&quot;:10,&quot;sizes&quot;:[]},&quot;link_to&quot;:&quot;file&quot;,&quot;overlay_background&quot;:&quot;yes&quot;,&quot;content_hover_animation&quot;:&quot;fade-in&quot;}\" data-widget_type=\"gallery.default\">\n\t\t\t\t<div class=\"elementor-widget-container\">\n\t\t\t\t\t\t\t<div class=\"elementor-gallery__container\">\n\t\t\t\t\t\t\t<a class=\"e-gallery-item elementor-gallery-item elementor-animated-content\" href=\"https:\/\/www.deeptravelspain.com\/wp-content\/uploads\/2023\/06\/f26aaf_7f4df33706a94dcb8819718da7d1e6d7mv2.webp\" data-elementor-open-lightbox=\"yes\" data-elementor-lightbox-slideshow=\"212ecff\" data-elementor-lightbox-title=\"f26aaf_7f4df33706a94dcb8819718da7d1e6d7~mv2\" data-e-action-hash=\"#elementor-action%3Aaction%3Dlightbox%26settings%3DeyJpZCI6OTMsInVybCI6Imh0dHBzOlwvXC93d3cuZGVlcHRyYXZlbHNwYWluLmNvbVwvd3AtY29udGVudFwvdXBsb2Fkc1wvMjAyM1wvMDZcL2YyNmFhZl83ZjRkZjMzNzA2YTk0ZGNiODgxOTcxOGRhN2QxZTZkN212Mi53ZWJwIiwic2xpZGVzaG93IjoiMjEyZWNmZiJ9\">\n\t\t\t\t\t<div class=\"e-gallery-image elementor-gallery-item__image\" data-thumbnail=\"https:\/\/www.deeptravelspain.com\/wp-content\/uploads\/2023\/06\/f26aaf_7f4df33706a94dcb8819718da7d1e6d7mv2.webp\" data-width=\"1262\" data-height=\"841\" aria-label=\"\" role=\"img\" ><\/div>\n\t\t\t\t\t\t\t\t\t\t\t<div class=\"elementor-gallery-item__overlay\"><\/div>\n\t\t\t\t\t\t\t\t\t\t\t\t\t\t<\/a>\n\t\t\t\t\t\t\t<a class=\"e-gallery-item elementor-gallery-item elementor-animated-content\" href=\"https:\/\/www.deeptravelspain.com\/wp-content\/uploads\/2023\/06\/88a16b_9d1aa081047c4d9e8e3e0bb0347c77cbmv2.webp\" data-elementor-open-lightbox=\"yes\" data-elementor-lightbox-slideshow=\"212ecff\" data-elementor-lightbox-title=\"88a16b_9d1aa081047c4d9e8e3e0bb0347c77cb~mv2\" data-e-action-hash=\"#elementor-action%3Aaction%3Dlightbox%26settings%3DeyJpZCI6OTEsInVybCI6Imh0dHBzOlwvXC93d3cuZGVlcHRyYXZlbHNwYWluLmNvbVwvd3AtY29udGVudFwvdXBsb2Fkc1wvMjAyM1wvMDZcLzg4YTE2Yl85ZDFhYTA4MTA0N2M0ZDllOGUzZTBiYjAzNDdjNzdjYm12Mi53ZWJwIiwic2xpZGVzaG93IjoiMjEyZWNmZiJ9\">\n\t\t\t\t\t<div class=\"e-gallery-image elementor-gallery-item__image\" data-thumbnail=\"https:\/\/www.deeptravelspain.com\/wp-content\/uploads\/2023\/06\/88a16b_9d1aa081047c4d9e8e3e0bb0347c77cbmv2.webp\" data-width=\"1123\" data-height=\"842\" aria-label=\"\" role=\"img\" ><\/div>\n\t\t\t\t\t\t\t\t\t\t\t<div class=\"elementor-gallery-item__overlay\"><\/div>\n\t\t\t\t\t\t\t\t\t\t\t\t\t\t<\/a>\n\t\t\t\t\t\t\t<a class=\"e-gallery-item elementor-gallery-item elementor-animated-content\" href=\"https:\/\/www.deeptravelspain.com\/wp-content\/uploads\/2023\/06\/88a16b_6711e475120645c3b9451311e5d617c3mv2.webp\" data-elementor-open-lightbox=\"yes\" data-elementor-lightbox-slideshow=\"212ecff\" data-elementor-lightbox-title=\"88a16b_6711e475120645c3b9451311e5d617c3~mv2\" data-e-action-hash=\"#elementor-action%3Aaction%3Dlightbox%26settings%3DeyJpZCI6OTIsInVybCI6Imh0dHBzOlwvXC93d3cuZGVlcHRyYXZlbHNwYWluLmNvbVwvd3AtY29udGVudFwvdXBsb2Fkc1wvMjAyM1wvMDZcLzg4YTE2Yl82NzExZTQ3NTEyMDY0NWMzYjk0NTEzMTFlNWQ2MTdjM212Mi53ZWJwIiwic2xpZGVzaG93IjoiMjEyZWNmZiJ9\">\n\t\t\t\t\t<div class=\"e-gallery-image elementor-gallery-item__image\" data-thumbnail=\"https:\/\/www.deeptravelspain.com\/wp-content\/uploads\/2023\/06\/88a16b_6711e475120645c3b9451311e5d617c3mv2.webp\" data-width=\"1123\" data-height=\"749\" aria-label=\"\" role=\"img\" ><\/div>\n\t\t\t\t\t\t\t\t\t\t\t<div class=\"elementor-gallery-item__overlay\"><\/div>\n\t\t\t\t\t\t\t\t\t\t\t\t\t\t<\/a>\n\t\t\t\t\t\t\t<a class=\"e-gallery-item elementor-gallery-item elementor-animated-content\" href=\"https:\/\/www.deeptravelspain.com\/wp-content\/uploads\/2023\/06\/f26aaf_467182d0b5b2460794313f6cc0eb99a3mv2.webp\" data-elementor-open-lightbox=\"yes\" data-elementor-lightbox-slideshow=\"212ecff\" data-elementor-lightbox-title=\"f26aaf_467182d0b5b2460794313f6cc0eb99a3~mv2\" data-e-action-hash=\"#elementor-action%3Aaction%3Dlightbox%26settings%3DeyJpZCI6OTQsInVybCI6Imh0dHBzOlwvXC93d3cuZGVlcHRyYXZlbHNwYWluLmNvbVwvd3AtY29udGVudFwvdXBsb2Fkc1wvMjAyM1wvMDZcL2YyNmFhZl80NjcxODJkMGI1YjI0NjA3OTQzMTNmNmNjMGViOTlhM212Mi53ZWJwIiwic2xpZGVzaG93IjoiMjEyZWNmZiJ9\">\n\t\t\t\t\t<div class=\"e-gallery-image elementor-gallery-item__image\" data-thumbnail=\"https:\/\/www.deeptravelspain.com\/wp-content\/uploads\/2023\/06\/f26aaf_467182d0b5b2460794313f6cc0eb99a3mv2.webp\" data-width=\"632\" data-height=\"842\" aria-label=\"\" role=\"img\" ><\/div>\n\t\t\t\t\t\t\t\t\t\t\t<div class=\"elementor-gallery-item__overlay\"><\/div>\n\t\t\t\t\t\t\t\t\t\t\t\t\t\t<\/a>\n\t\t\t\t\t\t\t<a class=\"e-gallery-item elementor-gallery-item elementor-animated-content\" href=\"https:\/\/www.deeptravelspain.com\/wp-content\/uploads\/2023\/06\/f26aaf_c0727b6267304c21b90c6e71a1fcdea8mv2.webp\" data-elementor-open-lightbox=\"yes\" data-elementor-lightbox-slideshow=\"212ecff\" data-elementor-lightbox-title=\"f26aaf_c0727b6267304c21b90c6e71a1fcdea8~mv2\" data-e-action-hash=\"#elementor-action%3Aaction%3Dlightbox%26settings%3DeyJpZCI6ODcsInVybCI6Imh0dHBzOlwvXC93d3cuZGVlcHRyYXZlbHNwYWluLmNvbVwvd3AtY29udGVudFwvdXBsb2Fkc1wvMjAyM1wvMDZcL2YyNmFhZl9jMDcyN2I2MjY3MzA0YzIxYjkwYzZlNzFhMWZjZGVhOG12Mi53ZWJwIiwic2xpZGVzaG93IjoiMjEyZWNmZiJ9\">\n\t\t\t\t\t<div class=\"e-gallery-image elementor-gallery-item__image\" data-thumbnail=\"https:\/\/www.deeptravelspain.com\/wp-content\/uploads\/2023\/06\/f26aaf_c0727b6267304c21b90c6e71a1fcdea8mv2.webp\" data-width=\"632\" data-height=\"421\" aria-label=\"\" role=\"img\" ><\/div>\n\t\t\t\t\t\t\t\t\t\t\t<div class=\"elementor-gallery-item__overlay\"><\/div>\n\t\t\t\t\t\t\t\t\t\t\t\t\t\t<\/a>\n\t\t\t\t\t\t\t<a class=\"e-gallery-item elementor-gallery-item elementor-animated-content\" href=\"https:\/\/www.deeptravelspain.com\/wp-content\/uploads\/2023\/06\/f26aaf_fb5b8f48aceb4d0cba25fa4a2b3d6c51mv2.webp\" data-elementor-open-lightbox=\"yes\" data-elementor-lightbox-slideshow=\"212ecff\" data-elementor-lightbox-title=\"f26aaf_fb5b8f48aceb4d0cba25fa4a2b3d6c51~mv2\" data-e-action-hash=\"#elementor-action%3Aaction%3Dlightbox%26settings%3DeyJpZCI6ODgsInVybCI6Imh0dHBzOlwvXC93d3cuZGVlcHRyYXZlbHNwYWluLmNvbVwvd3AtY29udGVudFwvdXBsb2Fkc1wvMjAyM1wvMDZcL2YyNmFhZl9mYjViOGY0OGFjZWI0ZDBjYmEyNWZhNGEyYjNkNmM1MW12Mi53ZWJwIiwic2xpZGVzaG93IjoiMjEyZWNmZiJ9\">\n\t\t\t\t\t<div class=\"e-gallery-image elementor-gallery-item__image\" data-thumbnail=\"https:\/\/www.deeptravelspain.com\/wp-content\/uploads\/2023\/06\/f26aaf_fb5b8f48aceb4d0cba25fa4a2b3d6c51mv2.webp\" data-width=\"562\" data-height=\"842\" aria-label=\"\" role=\"img\" ><\/div>\n\t\t\t\t\t\t\t\t\t\t\t<div class=\"elementor-gallery-item__overlay\"><\/div>\n\t\t\t\t\t\t\t\t\t\t\t\t\t\t<\/a>\n\t\t\t\t\t\t\t<a class=\"e-gallery-item elementor-gallery-item elementor-animated-content\" href=\"https:\/\/www.deeptravelspain.com\/wp-content\/uploads\/2023\/06\/88a16b_5a4099e75b5341ee89ab7746956726a5mv2.webp\" data-elementor-open-lightbox=\"yes\" data-elementor-lightbox-slideshow=\"212ecff\" data-elementor-lightbox-title=\"88a16b_5a4099e75b5341ee89ab7746956726a5~mv2\" data-e-action-hash=\"#elementor-action%3Aaction%3Dlightbox%26settings%3DeyJpZCI6ODksInVybCI6Imh0dHBzOlwvXC93d3cuZGVlcHRyYXZlbHNwYWluLmNvbVwvd3AtY29udGVudFwvdXBsb2Fkc1wvMjAyM1wvMDZcLzg4YTE2Yl81YTQwOTllNzViNTM0MWVlODlhYjc3NDY5NTY3MjZhNW12Mi53ZWJwIiwic2xpZGVzaG93IjoiMjEyZWNmZiJ9\">\n\t\t\t\t\t<div class=\"e-gallery-image elementor-gallery-item__image\" data-thumbnail=\"https:\/\/www.deeptravelspain.com\/wp-content\/uploads\/2023\/06\/88a16b_5a4099e75b5341ee89ab7746956726a5mv2.webp\" data-width=\"1262\" data-height=\"842\" aria-label=\"\" role=\"img\" ><\/div>\n\t\t\t\t\t\t\t\t\t\t\t<div class=\"elementor-gallery-item__overlay\"><\/div>\n\t\t\t\t\t\t\t\t\t\t\t\t\t\t<\/a>\n\t\t\t\t\t\t\t<a class=\"e-gallery-item elementor-gallery-item elementor-animated-content\" href=\"https:\/\/www.deeptravelspain.com\/wp-content\/uploads\/2023\/06\/88a16b_6ce9d8d432ff40f1bda3e6f8736b9b0emv2.webp\" data-elementor-open-lightbox=\"yes\" data-elementor-lightbox-slideshow=\"212ecff\" data-elementor-lightbox-title=\"88a16b_6ce9d8d432ff40f1bda3e6f8736b9b0e~mv2\" data-e-action-hash=\"#elementor-action%3Aaction%3Dlightbox%26settings%3DeyJpZCI6OTAsInVybCI6Imh0dHBzOlwvXC93d3cuZGVlcHRyYXZlbHNwYWluLmNvbVwvd3AtY29udGVudFwvdXBsb2Fkc1wvMjAyM1wvMDZcLzg4YTE2Yl82Y2U5ZDhkNDMyZmY0MGYxYmRhM2U2Zjg3MzZiOWIwZW12Mi53ZWJwIiwic2xpZGVzaG93IjoiMjEyZWNmZiJ9\">\n\t\t\t\t\t<div class=\"e-gallery-image elementor-gallery-item__image\" data-thumbnail=\"https:\/\/www.deeptravelspain.com\/wp-content\/uploads\/2023\/06\/88a16b_6ce9d8d432ff40f1bda3e6f8736b9b0emv2.webp\" data-width=\"1263\" data-height=\"842\" aria-label=\"\" role=\"img\" ><\/div>\n\t\t\t\t\t\t\t\t\t\t\t<div class=\"elementor-gallery-item__overlay\"><\/div>\n\t\t\t\t\t\t\t\t\t\t\t\t\t\t<\/a>\n\t\t\t\t\t\t\t<a class=\"e-gallery-item elementor-gallery-item elementor-animated-content\" href=\"https:\/\/www.deeptravelspain.com\/wp-content\/uploads\/2023\/08\/san-fermin-pamplona-navarra-LJrszMj1RJc-unsplash.jpg\" data-elementor-open-lightbox=\"yes\" data-elementor-lightbox-slideshow=\"212ecff\" data-elementor-lightbox-title=\"san-fermin-pamplona-navarra-LJrszMj1RJc-unsplash\" data-e-action-hash=\"#elementor-action%3Aaction%3Dlightbox%26settings%3DeyJpZCI6MjQ2MSwidXJsIjoiaHR0cHM6XC9cL3d3dy5kZWVwdHJhdmVsc3BhaW4uY29tXC93cC1jb250ZW50XC91cGxvYWRzXC8yMDIzXC8wOFwvc2FuLWZlcm1pbi1wYW1wbG9uYS1uYXZhcnJhLUxKcnN6TWoxUkpjLXVuc3BsYXNoLmpwZyIsInNsaWRlc2hvdyI6IjIxMmVjZmYifQ%3D%3D\">\n\t\t\t\t\t<div class=\"e-gallery-image elementor-gallery-item__image\" data-thumbnail=\"https:\/\/www.deeptravelspain.com\/wp-content\/uploads\/2023\/08\/san-fermin-pamplona-navarra-LJrszMj1RJc-unsplash.jpg\" data-width=\"5760\" data-height=\"3840\" aria-label=\"\" role=\"img\" ><\/div>\n\t\t\t\t\t\t\t\t\t\t\t<div class=\"elementor-gallery-item__overlay\"><\/div>\n\t\t\t\t\t\t\t\t\t\t\t\t\t\t<\/a>\n\t\t\t\t\t<\/div>\n\t\t\t\t\t<\/div>\n\t\t\t\t<\/div>\n\t\t\t\t<\/div>\n\t\t\t\t\t<\/div>\n\t\t\t\t<\/div>\n\t\t\t\t<\/div>","protected":false},"excerpt":{"rendered":"<p>Back to map BASQUE COUNTRY There is no culture, language or traditions in Europe older than those of the Basque [&hellip;]<\/p>","protected":false},"author":1,"featured_media":0,"parent":0,"menu_order":0,"comment_status":"closed","ping_status":"closed","template":"","meta":{"site-sidebar-layout":"default","site-content-layout":"","ast-site-content-layout":"default","site-content-style":"default","site-sidebar-style":"default","ast-global-header-display":"","ast-banner-title-visibility":"","ast-main-header-display":"","ast-hfb-above-header-display":"","ast-hfb-below-header-display":"","ast-hfb-mobile-header-display":"","site-post-title":"","ast-breadcrumbs-content":"","ast-featured-img":"","footer-sml-layout":"","ast-disable-related-posts":"","theme-transparent-header-meta":"","adv-header-id-meta":"","stick-header-meta":"","header-above-stick-meta":"","header-main-stick-meta":"","header-below-stick-meta":"","astra-migrate-meta-layouts":"default","ast-page-background-enabled":"default","ast-page-background-meta":{"desktop":{"background-color":"var(--ast-global-color-4)","background-image":"","background-repeat":"repeat","background-position":"center center","background-size":"auto","background-attachment":"scroll","background-type":"","background-media":"","overlay-type":"","overlay-color":"","overlay-opacity":"","overlay-gradient":""},"tablet":{"background-color":"","background-image":"","background-repeat":"repeat","background-position":"center center","background-size":"auto","background-attachment":"scroll","background-type":"","background-media":"","overlay-type":"","overlay-color":"","overlay-opacity":"","overlay-gradient":""},"mobile":{"background-color":"","background-image":"","background-repeat":"repeat","background-position":"center center","background-size":"auto","background-attachment":"scroll","background-type":"","background-media":"","overlay-type":"","overlay-color":"","overlay-opacity":"","overlay-gradient":""}},"ast-content-background-meta":{"desktop":{"background-color":"var(--ast-global-color-5)","background-image":"","background-repeat":"repeat","background-position":"center center","background-size":"auto","background-attachment":"scroll","background-type":"","background-media":"","overlay-type":"","overlay-color":"","overlay-opacity":"","overlay-gradient":""},"tablet":{"background-color":"var(--ast-global-color-5)","background-image":"","background-repeat":"repeat","background-position":"center center","background-size":"auto","background-attachment":"scroll","background-type":"","background-media":"","overlay-type":"","overlay-color":"","overlay-opacity":"","overlay-gradient":""},"mobile":{"background-color":"var(--ast-global-color-5)","background-image":"","background-repeat":"repeat","background-position":"center center","background-size":"auto","background-attachment":"scroll","background-type":"","background-media":"","overlay-type":"","overlay-color":"","overlay-opacity":"","overlay-gradient":""}},"footnotes":""},"class_list":["post-1994","page","type-page","status-publish","hentry"],"yoast_head":"<!-- This site is optimized with the Yoast SEO plugin v26.8 - https:\/\/yoast.com\/product\/yoast-seo-wordpress\/ -->\n<title>Basque country - Ojala<\/title>\n<meta name=\"robots\" content=\"index, follow, max-snippet:-1, max-image-preview:large, max-video-preview:-1\" \/>\n<link rel=\"canonical\" href=\"https:\/\/www.deeptravelspain.com\/de\/basque-country\/\" \/>\n<meta property=\"og:locale\" content=\"de_DE\" \/>\n<meta property=\"og:type\" content=\"article\" \/>\n<meta property=\"og:title\" content=\"Basque country - Ojala\" \/>\n<meta property=\"og:description\" content=\"Back to map BASQUE COUNTRY There is no culture, language or traditions in Europe older than those of the Basque [&hellip;]\" \/>\n<meta property=\"og:url\" content=\"https:\/\/www.deeptravelspain.com\/de\/basque-country\/\" \/>\n<meta property=\"og:site_name\" content=\"Ojala\" \/>\n<meta property=\"article:modified_time\" content=\"2025-05-13T14:32:51+00:00\" \/>\n<meta property=\"og:image\" content=\"https:\/\/www.deeptravelspain.com\/wp-content\/uploads\/2023\/07\/basquecountry-picture-1024x357.png\" \/>\n\t<meta property=\"og:image:width\" content=\"1024\" \/>\n\t<meta property=\"og:image:height\" content=\"357\" \/>\n\t<meta property=\"og:image:type\" content=\"image\/png\" \/>\n<meta name=\"twitter:card\" content=\"summary_large_image\" \/>\n<meta name=\"twitter:label1\" content=\"Gesch\u00e4tzte Lesezeit\" \/>\n\t<meta name=\"twitter:data1\" content=\"2\u00a0Minuten\" \/>\n<script type=\"application\/ld+json\" class=\"yoast-schema-graph\">{\"@context\":\"https:\/\/schema.org\",\"@graph\":[{\"@type\":\"WebPage\",\"@id\":\"https:\/\/www.deeptravelspain.com\/basque-country\/\",\"url\":\"https:\/\/www.deeptravelspain.com\/basque-country\/\",\"name\":\"Basque country - Ojala\",\"isPartOf\":{\"@id\":\"https:\/\/www.deeptravelspain.com\/fr\/#website\"},\"primaryImageOfPage\":{\"@id\":\"https:\/\/www.deeptravelspain.com\/basque-country\/#primaryimage\"},\"image\":{\"@id\":\"https:\/\/www.deeptravelspain.com\/basque-country\/#primaryimage\"},\"thumbnailUrl\":\"https:\/\/www.deeptravelspain.com\/wp-content\/uploads\/2023\/07\/basquecountry-picture.png\",\"datePublished\":\"2023-08-09T14:18:54+00:00\",\"dateModified\":\"2025-05-13T14:32:51+00:00\",\"breadcrumb\":{\"@id\":\"https:\/\/www.deeptravelspain.com\/basque-country\/#breadcrumb\"},\"inLanguage\":\"de-CH\",\"potentialAction\":[{\"@type\":\"ReadAction\",\"target\":[\"https:\/\/www.deeptravelspain.com\/basque-country\/\"]}]},{\"@type\":\"ImageObject\",\"inLanguage\":\"de-CH\",\"@id\":\"https:\/\/www.deeptravelspain.com\/basque-country\/#primaryimage\",\"url\":\"https:\/\/www.deeptravelspain.com\/wp-content\/uploads\/2023\/07\/basquecountry-picture.png\",\"contentUrl\":\"https:\/\/www.deeptravelspain.com\/wp-content\/uploads\/2023\/07\/basquecountry-picture.png\"},{\"@type\":\"BreadcrumbList\",\"@id\":\"https:\/\/www.deeptravelspain.com\/basque-country\/#breadcrumb\",\"itemListElement\":[{\"@type\":\"ListItem\",\"position\":1,\"name\":\"Accueil\",\"item\":\"https:\/\/www.deeptravelspain.com\/\"},{\"@type\":\"ListItem\",\"position\":2,\"name\":\"Basque country\"}]},{\"@type\":\"WebSite\",\"@id\":\"https:\/\/www.deeptravelspain.com\/fr\/#website\",\"url\":\"https:\/\/www.deeptravelspain.com\/fr\/\",\"name\":\"Ojala\",\"description\":\"Deep Travel Spain\",\"potentialAction\":[{\"@type\":\"SearchAction\",\"target\":{\"@type\":\"EntryPoint\",\"urlTemplate\":\"https:\/\/www.deeptravelspain.com\/fr\/?s={search_term_string}\"},\"query-input\":{\"@type\":\"PropertyValueSpecification\",\"valueRequired\":true,\"valueName\":\"search_term_string\"}}],\"inLanguage\":\"de-CH\"}]}<\/script>\n<!-- \/ Yoast SEO plugin. -->","yoast_head_json":{"title":"Basque country - Ojala","robots":{"index":"index","follow":"follow","max-snippet":"max-snippet:-1","max-image-preview":"max-image-preview:large","max-video-preview":"max-video-preview:-1"},"canonical":"https:\/\/www.deeptravelspain.com\/de\/basque-country\/","og_locale":"de_DE","og_type":"article","og_title":"Basque country - Ojala","og_description":"Back to map BASQUE COUNTRY There is no culture, language or traditions in Europe older than those of the Basque [&hellip;]","og_url":"https:\/\/www.deeptravelspain.com\/de\/basque-country\/","og_site_name":"Ojala","article_modified_time":"2025-05-13T14:32:51+00:00","og_image":[{"width":1024,"height":357,"url":"https:\/\/www.deeptravelspain.com\/wp-content\/uploads\/2023\/07\/basquecountry-picture-1024x357.png","type":"image\/png"}],"twitter_card":"summary_large_image","twitter_misc":{"Gesch\u00e4tzte Lesezeit":"2\u00a0Minuten"},"schema":{"@context":"https:\/\/schema.org","@graph":[{"@type":"WebPage","@id":"https:\/\/www.deeptravelspain.com\/basque-country\/","url":"https:\/\/www.deeptravelspain.com\/basque-country\/","name":"Basque country - Ojala","isPartOf":{"@id":"https:\/\/www.deeptravelspain.com\/fr\/#website"},"primaryImageOfPage":{"@id":"https:\/\/www.deeptravelspain.com\/basque-country\/#primaryimage"},"image":{"@id":"https:\/\/www.deeptravelspain.com\/basque-country\/#primaryimage"},"thumbnailUrl":"https:\/\/www.deeptravelspain.com\/wp-content\/uploads\/2023\/07\/basquecountry-picture.png","datePublished":"2023-08-09T14:18:54+00:00","dateModified":"2025-05-13T14:32:51+00:00","breadcrumb":{"@id":"https:\/\/www.deeptravelspain.com\/basque-country\/#breadcrumb"},"inLanguage":"de-CH","potentialAction":[{"@type":"ReadAction","target":["https:\/\/www.deeptravelspain.com\/basque-country\/"]}]},{"@type":"ImageObject","inLanguage":"de-CH","@id":"https:\/\/www.deeptravelspain.com\/basque-country\/#primaryimage","url":"https:\/\/www.deeptravelspain.com\/wp-content\/uploads\/2023\/07\/basquecountry-picture.png","contentUrl":"https:\/\/www.deeptravelspain.com\/wp-content\/uploads\/2023\/07\/basquecountry-picture.png"},{"@type":"BreadcrumbList","@id":"https:\/\/www.deeptravelspain.com\/basque-country\/#breadcrumb","itemListElement":[{"@type":"ListItem","position":1,"name":"Accueil","item":"https:\/\/www.deeptravelspain.com\/"},{"@type":"ListItem","position":2,"name":"Basque country"}]},{"@type":"WebSite","@id":"https:\/\/www.deeptravelspain.com\/fr\/#website","url":"https:\/\/www.deeptravelspain.com\/fr\/","name":"Ojala","description":"Deep Travel Spain","potentialAction":[{"@type":"SearchAction","target":{"@type":"EntryPoint","urlTemplate":"https:\/\/www.deeptravelspain.com\/fr\/?s={search_term_string}"},"query-input":{"@type":"PropertyValueSpecification","valueRequired":true,"valueName":"search_term_string"}}],"inLanguage":"de-CH"}]}},"_links":{"self":[{"href":"https:\/\/www.deeptravelspain.com\/de\/wp-json\/wp\/v2\/pages\/1994","targetHints":{"allow":["GET"]}}],"collection":[{"href":"https:\/\/www.deeptravelspain.com\/de\/wp-json\/wp\/v2\/pages"}],"about":[{"href":"https:\/\/www.deeptravelspain.com\/de\/wp-json\/wp\/v2\/types\/page"}],"author":[{"embeddable":true,"href":"https:\/\/www.deeptravelspain.com\/de\/wp-json\/wp\/v2\/users\/1"}],"replies":[{"embeddable":true,"href":"https:\/\/www.deeptravelspain.com\/de\/wp-json\/wp\/v2\/comments?post=1994"}],"version-history":[{"count":82,"href":"https:\/\/www.deeptravelspain.com\/de\/wp-json\/wp\/v2\/pages\/1994\/revisions"}],"predecessor-version":[{"id":3293,"href":"https:\/\/www.deeptravelspain.com\/de\/wp-json\/wp\/v2\/pages\/1994\/revisions\/3293"}],"wp:attachment":[{"href":"https:\/\/www.deeptravelspain.com\/de\/wp-json\/wp\/v2\/media?parent=1994"}],"curies":[{"name":"wp","href":"https:\/\/api.w.org\/{rel}","templated":true}]}}